{"id":948,"date":"2021-09-30T21:19:27","date_gmt":"2021-09-30T18:19:27","guid":{"rendered":"https:\/\/islamiilimler.org.tr\/?page_id=948"},"modified":"2022-09-14T23:22:55","modified_gmt":"2022-09-14T20:22:55","slug":"kurslarimiz","status":"publish","type":"page","link":"https:\/\/islamiilimler.org.tr\/?page_id=948","title":{"rendered":"Kurslar\u0131m\u0131z"},"content":{"rendered":"\n<h1 class=\"has-text-align-center has-colibri-color-1-color has-colibri-color-5-background-color has-text-color has-background has-large-font-size wp-block-heading\"><strong>G\u00fcz D\u00f6nemi Kurslar\u0131m\u0131z<\/strong><\/h1>\n\n\n\n<figure class=\"wp-block-image size-full is-style-default\"><img loading=\"lazy\" decoding=\"async\" width=\"5669\" height=\"7937\" src=\"https:\/\/islamiilimler.org.tr\/wp-content\/uploads\/2022\/09\/Afis-Revize-3-2.png\" alt=\"\" class=\"wp-image-1420\" srcset=\"https:\/\/islamiilimler.org.tr\/wp-content\/uploads\/2022\/09\/Afis-Revize-3-2.png 5669w, https:\/\/islamiilimler.org.tr\/wp-content\/uploads\/2022\/09\/Afis-Revize-3-2-214x300.png 214w, https:\/\/islamiilimler.org.tr\/wp-content\/uploads\/2022\/09\/Afis-Revize-3-2-731x1024.png 731w, https:\/\/islamiilimler.org.tr\/wp-content\/uploads\/2022\/09\/Afis-Revize-3-2-768x1075.png 768w, https:\/\/islamiilimler.org.tr\/wp-content\/uploads\/2022\/09\/Afis-Revize-3-2-1097x1536.png 1097w, https:\/\/islamiilimler.org.tr\/wp-content\/uploads\/2022\/09\/Afis-Revize-3-2-1463x2048.png 1463w, https:\/\/islamiilimler.org.tr\/wp-content\/uploads\/2022\/09\/Afis-Revize-3-2-1200x1680.png 1200w\" sizes=\"auto, (max-width: 5669px) 100vw, 5669px\" \/><\/figure>\n","protected":false},"excerpt":{"rendered":"<p>G\u00fcz D\u00f6nemi Kurslar\u0131m\u0131z<\/p>\n","protected":false},"author":1,"featured_media":0,"parent":0,"menu_order":0,"comment_status":"closed","ping_status":"closed","template":"page-templates\/full-width-page.php","meta":{"_starter_page_template":"","footnotes":""},"class_list":["post-948","page","type-page","status-publish","hentry"],"yoast_head":"<!-- This site is optimized with the Yoast SEO plugin v27.5 - https:\/\/yoast.com\/product\/yoast-seo-wordpress\/ -->\n<title>Kurslar\u0131m\u0131z - Giresun \u0130slami \u0130limler Vakf\u0131<\/title>\n<meta name=\"robots\" content=\"index, follow, max-snippet:-1, max-image-preview:large, max-video-preview:-1\" \/>\n<link rel=\"canonical\" href=\"https:\/\/islamiilimler.org.tr\/?page_id=948\" \/>\n<meta property=\"og:locale\" content=\"tr_TR\" \/>\n<meta property=\"og:type\" content=\"article\" \/>\n<meta property=\"og:title\" content=\"Kurslar\u0131m\u0131z - Giresun \u0130slami \u0130limler Vakf\u0131\" \/>\n<meta property=\"og:description\" content=\"G\u00fcz D\u00f6nemi Kurslar\u0131m\u0131z\" \/>\n<meta property=\"og:url\" content=\"https:\/\/islamiilimler.org.tr\/?page_id=948\" \/>\n<meta property=\"og:site_name\" content=\"Giresun \u0130slami \u0130limler Vakf\u0131\" \/>\n<meta property=\"article:modified_time\" content=\"2022-09-14T20:22:55+00:00\" \/>\n<meta property=\"og:image\" content=\"https:\/\/islamiilimler.org.tr\/wp-content\/uploads\/2022\/09\/Afis-Revize-3-2.png\" \/>\n<meta name=\"twitter:card\" content=\"summary_large_image\" \/>\n<meta name=\"twitter:label1\" content=\"Tahmini okuma s\u00fcresi\" \/>\n\t<meta name=\"twitter:data1\" content=\"1 dakika\" \/>\n<script type=\"application\/ld+json\" class=\"yoast-schema-graph\">{\"@context\":\"https:\\\/\\\/schema.org\",\"@graph\":[{\"@type\":\"WebPage\",\"@id\":\"https:\\\/\\\/islamiilimler.org.tr\\\/?page_id=948\",\"url\":\"https:\\\/\\\/islamiilimler.org.tr\\\/?page_id=948\",\"name\":\"Kurslar\u0131m\u0131z - Giresun \u0130slami \u0130limler Vakf\u0131\",\"isPartOf\":{\"@id\":\"https:\\\/\\\/islamiilimler.org.tr\\\/#website\"},\"primaryImageOfPage\":{\"@id\":\"https:\\\/\\\/islamiilimler.org.tr\\\/?page_id=948#primaryimage\"},\"image\":{\"@id\":\"https:\\\/\\\/islamiilimler.org.tr\\\/?page_id=948#primaryimage\"},\"thumbnailUrl\":\"https:\\\/\\\/islamiilimler.org.tr\\\/wp-content\\\/uploads\\\/2022\\\/09\\\/Afis-Revize-3-2.png\",\"datePublished\":\"2021-09-30T18:19:27+00:00\",\"dateModified\":\"2022-09-14T20:22:55+00:00\",\"breadcrumb\":{\"@id\":\"https:\\\/\\\/islamiilimler.org.tr\\\/?page_id=948#breadcrumb\"},\"inLanguage\":\"tr\",\"potentialAction\":[{\"@type\":\"ReadAction\",\"target\":[\"https:\\\/\\\/islamiilimler.org.tr\\\/?page_id=948\"]}]},{\"@type\":\"ImageObject\",\"inLanguage\":\"tr\",\"@id\":\"https:\\\/\\\/islamiilimler.org.tr\\\/?page_id=948#primaryimage\",\"url\":\"https:\\\/\\\/islamiilimler.org.tr\\\/wp-content\\\/uploads\\\/2022\\\/09\\\/Afis-Revize-3-2.png\",\"contentUrl\":\"https:\\\/\\\/islamiilimler.org.tr\\\/wp-content\\\/uploads\\\/2022\\\/09\\\/Afis-Revize-3-2.png\",\"width\":5669,\"height\":7937},{\"@type\":\"BreadcrumbList\",\"@id\":\"https:\\\/\\\/islamiilimler.org.tr\\\/?page_id=948#breadcrumb\",\"itemListElement\":[{\"@type\":\"ListItem\",\"position\":1,\"name\":\"Anasayfa\",\"item\":\"https:\\\/\\\/islamiilimler.org.tr\\\/\"},{\"@type\":\"ListItem\",\"position\":2,\"name\":\"Kurslar\u0131m\u0131z\"}]},{\"@type\":\"WebSite\",\"@id\":\"https:\\\/\\\/islamiilimler.org.tr\\\/#website\",\"url\":\"https:\\\/\\\/islamiilimler.org.tr\\\/\",\"name\":\"Giresun \u0130slami \u0130limler Vakf\u0131\",\"description\":\"Hac\u0131siyam Mahallesi Atat\u00fcrk Bulvar\u0131 Fatih Apartman\u0131 No 65\\\/2 Kat 1 Daire 2 Giresun \\\/ Merkez T\u00fcrkiye GSM 1: 0535 463 6904 GSM 2: 0505 581 3395\",\"publisher\":{\"@id\":\"https:\\\/\\\/islamiilimler.org.tr\\\/#organization\"},\"potentialAction\":[{\"@type\":\"SearchAction\",\"target\":{\"@type\":\"EntryPoint\",\"urlTemplate\":\"https:\\\/\\\/islamiilimler.org.tr\\\/?s={search_term_string}\"},\"query-input\":{\"@type\":\"PropertyValueSpecification\",\"valueRequired\":true,\"valueName\":\"search_term_string\"}}],\"inLanguage\":\"tr\"},{\"@type\":\"Organization\",\"@id\":\"https:\\\/\\\/islamiilimler.org.tr\\\/#organization\",\"name\":\"Giresun \u0130slami \u0130limler Vakf\u0131\",\"url\":\"https:\\\/\\\/islamiilimler.org.tr\\\/\",\"logo\":{\"@type\":\"ImageObject\",\"inLanguage\":\"tr\",\"@id\":\"https:\\\/\\\/islamiilimler.org.tr\\\/#\\\/schema\\\/logo\\\/image\\\/\",\"url\":\"https:\\\/\\\/islamiilimler.org.tr\\\/wp-content\\\/uploads\\\/2022\\\/09\\\/cropped-logo-1.png\",\"contentUrl\":\"https:\\\/\\\/islamiilimler.org.tr\\\/wp-content\\\/uploads\\\/2022\\\/09\\\/cropped-logo-1.png\",\"width\":1500,\"height\":1500,\"caption\":\"Giresun \u0130slami \u0130limler Vakf\u0131\"},\"image\":{\"@id\":\"https:\\\/\\\/islamiilimler.org.tr\\\/#\\\/schema\\\/logo\\\/image\\\/\"}}]}<\/script>\n<!-- \/ Yoast SEO plugin. -->","yoast_head_json":{"title":"Kurslar\u0131m\u0131z - Giresun \u0130slami \u0130limler Vakf\u0131","robots":{"index":"index","follow":"follow","max-snippet":"max-snippet:-1","max-image-preview":"max-image-preview:large","max-video-preview":"max-video-preview:-1"},"canonical":"https:\/\/islamiilimler.org.tr\/?page_id=948","og_locale":"tr_TR","og_type":"article","og_title":"Kurslar\u0131m\u0131z - Giresun \u0130slami \u0130limler Vakf\u0131","og_description":"G\u00fcz D\u00f6nemi Kurslar\u0131m\u0131z","og_url":"https:\/\/islamiilimler.org.tr\/?page_id=948","og_site_name":"Giresun \u0130slami \u0130limler Vakf\u0131","article_modified_time":"2022-09-14T20:22:55+00:00","og_image":[{"url":"https:\/\/islamiilimler.org.tr\/wp-content\/uploads\/2022\/09\/Afis-Revize-3-2.png","type":"","width":"","height":""}],"twitter_card":"summary_large_image","twitter_misc":{"Tahmini okuma s\u00fcresi":"1 dakika"},"schema":{"@context":"https:\/\/schema.org","@graph":[{"@type":"WebPage","@id":"https:\/\/islamiilimler.org.tr\/?page_id=948","url":"https:\/\/islamiilimler.org.tr\/?page_id=948","name":"Kurslar\u0131m\u0131z - Giresun \u0130slami \u0130limler Vakf\u0131","isPartOf":{"@id":"https:\/\/islamiilimler.org.tr\/#website"},"primaryImageOfPage":{"@id":"https:\/\/islamiilimler.org.tr\/?page_id=948#primaryimage"},"image":{"@id":"https:\/\/islamiilimler.org.tr\/?page_id=948#primaryimage"},"thumbnailUrl":"https:\/\/islamiilimler.org.tr\/wp-content\/uploads\/2022\/09\/Afis-Revize-3-2.png","datePublished":"2021-09-30T18:19:27+00:00","dateModified":"2022-09-14T20:22:55+00:00","breadcrumb":{"@id":"https:\/\/islamiilimler.org.tr\/?page_id=948#breadcrumb"},"inLanguage":"tr","potentialAction":[{"@type":"ReadAction","target":["https:\/\/islamiilimler.org.tr\/?page_id=948"]}]},{"@type":"ImageObject","inLanguage":"tr","@id":"https:\/\/islamiilimler.org.tr\/?page_id=948#primaryimage","url":"https:\/\/islamiilimler.org.tr\/wp-content\/uploads\/2022\/09\/Afis-Revize-3-2.png","contentUrl":"https:\/\/islamiilimler.org.tr\/wp-content\/uploads\/2022\/09\/Afis-Revize-3-2.png","width":5669,"height":7937},{"@type":"BreadcrumbList","@id":"https:\/\/islamiilimler.org.tr\/?page_id=948#breadcrumb","itemListElement":[{"@type":"ListItem","position":1,"name":"Anasayfa","item":"https:\/\/islamiilimler.org.tr\/"},{"@type":"ListItem","position":2,"name":"Kurslar\u0131m\u0131z"}]},{"@type":"WebSite","@id":"https:\/\/islamiilimler.org.tr\/#website","url":"https:\/\/islamiilimler.org.tr\/","name":"Giresun \u0130slami \u0130limler Vakf\u0131","description":"Hac\u0131siyam Mahallesi Atat\u00fcrk Bulvar\u0131 Fatih Apartman\u0131 No 65\/2 Kat 1 Daire 2 Giresun \/ Merkez T\u00fcrkiye GSM 1: 0535 463 6904 GSM 2: 0505 581 3395","publisher":{"@id":"https:\/\/islamiilimler.org.tr\/#organization"},"potentialAction":[{"@type":"SearchAction","target":{"@type":"EntryPoint","urlTemplate":"https:\/\/islamiilimler.org.tr\/?s={search_term_string}"},"query-input":{"@type":"PropertyValueSpecification","valueRequired":true,"valueName":"search_term_string"}}],"inLanguage":"tr"},{"@type":"Organization","@id":"https:\/\/islamiilimler.org.tr\/#organization","name":"Giresun \u0130slami \u0130limler Vakf\u0131","url":"https:\/\/islamiilimler.org.tr\/","logo":{"@type":"ImageObject","inLanguage":"tr","@id":"https:\/\/islamiilimler.org.tr\/#\/schema\/logo\/image\/","url":"https:\/\/islamiilimler.org.tr\/wp-content\/uploads\/2022\/09\/cropped-logo-1.png","contentUrl":"https:\/\/islamiilimler.org.tr\/wp-content\/uploads\/2022\/09\/cropped-logo-1.png","width":1500,"height":1500,"caption":"Giresun \u0130slami \u0130limler Vakf\u0131"},"image":{"@id":"https:\/\/islamiilimler.org.tr\/#\/schema\/logo\/image\/"}}]}},"_links":{"self":[{"href":"https:\/\/islamiilimler.org.tr\/index.php?rest_route=\/wp\/v2\/pages\/948","targetHints":{"allow":["GET"]}}],"collection":[{"href":"https:\/\/islamiilimler.org.tr\/index.php?rest_route=\/wp\/v2\/pages"}],"about":[{"href":"https:\/\/islamiilimler.org.tr\/index.php?rest_route=\/wp\/v2\/types\/page"}],"author":[{"embeddable":true,"href":"https:\/\/islamiilimler.org.tr\/index.php?rest_route=\/wp\/v2\/users\/1"}],"replies":[{"embeddable":true,"href":"https:\/\/islamiilimler.org.tr\/index.php?rest_route=%2Fwp%2Fv2%2Fcomments&post=948"}],"version-history":[{"count":8,"href":"https:\/\/islamiilimler.org.tr\/index.php?rest_route=\/wp\/v2\/pages\/948\/revisions"}],"predecessor-version":[{"id":1486,"href":"https:\/\/islamiilimler.org.tr\/index.php?rest_route=\/wp\/v2\/pages\/948\/revisions\/1486"}],"wp:attachment":[{"href":"https:\/\/islamiilimler.org.tr\/index.php?rest_route=%2Fwp%2Fv2%2Fmedia&parent=948"}],"curies":[{"name":"wp","href":"https:\/\/api.w.org\/{rel}","templated":true}]}}