{"id":946,"date":"2021-09-30T21:19:27","date_gmt":"2021-09-30T18:19:27","guid":{"rendered":"https:\/\/islamiilimler.org.tr\/?page_id=946"},"modified":"2021-10-01T19:24:07","modified_gmt":"2021-10-01T16:24:07","slug":"egitim-2","status":"publish","type":"page","link":"https:\/\/islamiilimler.org.tr\/?page_id=946","title":{"rendered":"E\u011e\u0130T\u0130M"},"content":{"rendered":"<div data-colibri-id=\"946-c1\" class=\"style-415 style-local-946-c1 position-relative\">\n  <!---->\n  <div data-colibri-component=\"section\" data-colibri-id=\"946-c2\" id=\"initial-content\" class=\"h-section h-section-global-spacing d-flex align-items-lg-center align-items-md-center align-items-center style-416 style-local-946-c2 position-relative\">\n    <!---->\n    <!---->\n    <div class=\"h-section-grid-container h-section-boxed-container\">\n      <!---->\n      <div data-colibri-id=\"946-c3\" class=\"h-row-container gutters-row-lg-2 gutters-row-md-2 gutters-row-0 gutters-row-v-lg-2 gutters-row-v-md-2 gutters-row-v-2 style-417 style-local-946-c3 position-relative\">\n        <!---->\n        <div class=\"h-row justify-content-lg-center justify-content-md-center justify-content-center align-items-lg-stretch align-items-md-stretch align-items-stretch gutters-col-lg-2 gutters-col-md-2 gutters-col-0 gutters-col-v-lg-2 gutters-col-v-md-2 gutters-col-v-2\">\n          <!---->\n          <div class=\"h-column h-column-container d-flex h-col-lg-auto h-col-md-auto h-col-auto style-418-outer style-local-946-c4-outer\">\n            <div data-colibri-id=\"946-c4\" class=\"d-flex h-flex-basis h-column__inner h-px-lg-2 h-px-md-2 h-px-2 v-inner-lg-2 v-inner-md-2 v-inner-2 style-418 style-local-946-c4 position-relative\">\n              <!---->\n              <!---->\n              <div class=\"w-100 h-y-container h-column__content h-column__v-align flex-basis-100 align-self-lg-start align-self-md-start align-self-start\">\n                <!---->\n                <div data-colibri-id=\"946-c5\" class=\"style-419 style-local-946-c5 position-relative h-element\">\n                  <!---->\n                  <div>\n                    \n                    <p>Vakf\u0131m\u0131z kuruldu\u011fu 2013 y\u0131l\u0131ndan itibaren G\u00fcz ve Bahar D\u00f6nemlerinde Bilim,Dil,K\u00fclt\u00fcr ve Sanat alanlar\u0131nda her y\u0131l ortalama 150 kadar \u00f6\u011frenciye muhtalif kurs ve seminerler d\u00fczenleyip ba\u015far\u0131yla tamamlam\u0131\u015ft\u0131r. Alan\u0131nda uzman \u00f6\u011fretmen\n                      kadromuz ve sizlerinde deste\u011fiyle tamamlamaya devam edecektir.<\/p>\n                    \n                  <\/div>\n                <\/div>\n              <\/div>\n            <\/div>\n          <\/div>\n        <\/div>\n      <\/div>\n      <div data-colibri-id=\"946-c6\" class=\"h-row-container gutters-row-lg-2 gutters-row-md-2 gutters-row-0 gutters-row-v-lg-2 gutters-row-v-md-2 gutters-row-v-2 style-420 style-local-946-c6 position-relative\">\n        <!---->\n        <div class=\"h-row justify-content-lg-center justify-content-md-center justify-content-center align-items-lg-stretch align-items-md-stretch align-items-stretch gutters-col-lg-2 gutters-col-md-2 gutters-col-0 gutters-col-v-lg-2 gutters-col-v-md-2 gutters-col-v-2\">\n          <!---->\n          <div class=\"h-column h-column-container d-flex h-col-lg-auto h-col-md-auto h-col-auto style-421-outer style-local-946-c7-outer\">\n            <div data-colibri-id=\"946-c7\" class=\"d-flex h-flex-basis h-column__inner h-px-lg-2 h-px-md-2 h-px-2 v-inner-lg-2 v-inner-md-2 v-inner-2 style-421 style-local-946-c7 position-relative\">\n              <!---->\n              <!---->\n              <div class=\"w-100 h-y-container h-column__content h-column__v-align flex-basis-100 align-self-lg-start align-self-md-start align-self-start\">\n                <!---->\n                <div data-colibri-id=\"946-c14\" class=\"h-x-container style-428 style-local-946-c14 position-relative h-element\">\n                  <!---->\n                  <div class=\"h-x-container-inner style-dynamic-946-c14-group style-428-spacing style-local-946-c14-spacing\"><span class=\"h-button__outer style-429-outer style-local-946-c15-outer d-inline-flex h-element\"><a h-use-smooth-scroll=\"true\" href=\"https:\/\/islamiilimler.org.tr\/?page_id=948\"  data-colibri-id=\"946-c15\" class=\"d-flex w-100 align-items-center h-button justify-content-lg-center justify-content-md-center justify-content-center style-429 style-local-946-c15 position-relative\"><!----><!----> <span>KURSLARIMIZ<\/span><\/a>\n                    <\/span><span class=\"h-button__outer style-430-outer style-local-946-c16-outer d-inline-flex h-element\"><a h-use-smooth-scroll=\"true\" href=\"https:\/\/islamiilimler.org.tr\/?page_id=949\"  data-colibri-id=\"946-c16\" class=\"d-flex w-100 align-items-center h-button justify-content-lg-center justify-content-md-center justify-content-center style-430 style-local-946-c16 position-relative\"><!----><!----> <span>VAKIF E\u011e\u0130T\u0130M KADROMUZ<\/span><\/a>\n                    <\/span>\n                  <\/div>\n                <\/div>\n              <\/div>\n            <\/div>\n          <\/div>\n        <\/div>\n      <\/div>\n      <div data-colibri-id=\"946-c12\" class=\"h-row-container gutters-row-lg-2 gutters-row-md-2 gutters-row-0 gutters-row-v-lg-2 gutters-row-v-md-2 gutters-row-v-2 style-426 style-local-946-c12 position-relative\">\n        <!---->\n        <div class=\"h-row justify-content-lg-center justify-content-md-center justify-content-center align-items-lg-stretch align-items-md-stretch align-items-stretch gutters-col-lg-2 gutters-col-md-2 gutters-col-0 gutters-col-v-lg-2 gutters-col-v-md-2 gutters-col-v-2\">\n          <!---->\n          <div class=\"h-column h-column-container d-flex h-col-lg-auto h-col-md-auto h-col-auto style-427-outer style-local-946-c13-outer\">\n            <div data-colibri-id=\"946-c13\" class=\"d-flex h-flex-basis h-column__inner h-ui-empty-state-container h-px-lg-2 h-px-md-2 h-px-2 v-inner-lg-2 v-inner-md-2 v-inner-2 style-427 style-local-946-c13 position-relative\">\n              <!---->\n              <!---->\n              <div class=\"w-100 h-y-container h-column__content h-column__v-align flex-basis-100\">\n                <!---->\n              <\/div>\n            <\/div>\n          <\/div>\n        <\/div>\n      <\/div>\n    <\/div>\n  <\/div>\n<\/div>","protected":false},"excerpt":{"rendered":"<p>Vakf\u0131m\u0131z kuruldu\u011fu 2013 y\u0131l\u0131ndan itibaren G\u00fcz ve Bahar D\u00f6nemlerinde Bilim,Dil,K\u00fclt\u00fcr ve Sanat alanlar\u0131nda her y\u0131l ortalama 150 kadar \u00f6\u011frenciye muhtalif kurs ve seminerler d\u00fczenleyip ba\u015far\u0131yla tamamlam\u0131\u015ft\u0131r. Alan\u0131nda uzman \u00f6\u011fretmen kadromuz ve sizlerinde deste\u011fiyle tamamlamaya devam edecektir. KURSLARIMIZ VAKIF E\u011e\u0130T\u0130M KADROMUZ<\/p>\n","protected":false},"author":1,"featured_media":0,"parent":0,"menu_order":0,"comment_status":"closed","ping_status":"closed","template":"page-templates\/full-width-page.php","meta":{"_starter_page_template":"","footnotes":""},"class_list":["post-946","page","type-page","status-publish","hentry"],"yoast_head":"<!-- This site is optimized with the Yoast SEO plugin v27.6 - https:\/\/yoast.com\/product\/yoast-seo-wordpress\/ -->\n<title>E\u011e\u0130T\u0130M - Giresun \u0130slami \u0130limler Vakf\u0131<\/title>\n<meta name=\"robots\" content=\"index, follow, max-snippet:-1, max-image-preview:large, max-video-preview:-1\" \/>\n<link rel=\"canonical\" href=\"https:\/\/islamiilimler.org.tr\/?page_id=946\" \/>\n<meta property=\"og:locale\" content=\"tr_TR\" \/>\n<meta property=\"og:type\" content=\"article\" \/>\n<meta property=\"og:title\" content=\"E\u011e\u0130T\u0130M - Giresun \u0130slami \u0130limler Vakf\u0131\" \/>\n<meta property=\"og:description\" content=\"Vakf\u0131m\u0131z kuruldu\u011fu 2013 y\u0131l\u0131ndan itibaren G\u00fcz ve Bahar D\u00f6nemlerinde Bilim,Dil,K\u00fclt\u00fcr ve Sanat alanlar\u0131nda her y\u0131l ortalama 150 kadar \u00f6\u011frenciye muhtalif kurs ve seminerler d\u00fczenleyip ba\u015far\u0131yla tamamlam\u0131\u015ft\u0131r. Alan\u0131nda uzman \u00f6\u011fretmen kadromuz ve sizlerinde deste\u011fiyle tamamlamaya devam edecektir. KURSLARIMIZ VAKIF E\u011e\u0130T\u0130M KADROMUZ\" \/>\n<meta property=\"og:url\" content=\"https:\/\/islamiilimler.org.tr\/?page_id=946\" \/>\n<meta property=\"og:site_name\" content=\"Giresun \u0130slami \u0130limler Vakf\u0131\" \/>\n<meta property=\"article:modified_time\" content=\"2021-10-01T16:24:07+00:00\" \/>\n<meta name=\"twitter:card\" content=\"summary_large_image\" \/>\n<meta name=\"twitter:label1\" content=\"Tahmini okuma s\u00fcresi\" \/>\n\t<meta name=\"twitter:data1\" content=\"1 dakika\" \/>\n<script type=\"application\/ld+json\" class=\"yoast-schema-graph\">{\"@context\":\"https:\\\/\\\/schema.org\",\"@graph\":[{\"@type\":\"WebPage\",\"@id\":\"https:\\\/\\\/islamiilimler.org.tr\\\/?page_id=946\",\"url\":\"https:\\\/\\\/islamiilimler.org.tr\\\/?page_id=946\",\"name\":\"E\u011e\u0130T\u0130M - Giresun \u0130slami \u0130limler Vakf\u0131\",\"isPartOf\":{\"@id\":\"https:\\\/\\\/islamiilimler.org.tr\\\/#website\"},\"datePublished\":\"2021-09-30T18:19:27+00:00\",\"dateModified\":\"2021-10-01T16:24:07+00:00\",\"breadcrumb\":{\"@id\":\"https:\\\/\\\/islamiilimler.org.tr\\\/?page_id=946#breadcrumb\"},\"inLanguage\":\"tr\",\"potentialAction\":[{\"@type\":\"ReadAction\",\"target\":[\"https:\\\/\\\/islamiilimler.org.tr\\\/?page_id=946\"]}]},{\"@type\":\"BreadcrumbList\",\"@id\":\"https:\\\/\\\/islamiilimler.org.tr\\\/?page_id=946#breadcrumb\",\"itemListElement\":[{\"@type\":\"ListItem\",\"position\":1,\"name\":\"Anasayfa\",\"item\":\"https:\\\/\\\/islamiilimler.org.tr\\\/\"},{\"@type\":\"ListItem\",\"position\":2,\"name\":\"E\u011e\u0130T\u0130M\"}]},{\"@type\":\"WebSite\",\"@id\":\"https:\\\/\\\/islamiilimler.org.tr\\\/#website\",\"url\":\"https:\\\/\\\/islamiilimler.org.tr\\\/\",\"name\":\"Giresun \u0130slami \u0130limler Vakf\u0131\",\"description\":\"Hac\u0131siyam Mahallesi Atat\u00fcrk Bulvar\u0131 Fatih Apartman\u0131 No 65\\\/2 Kat 1 Daire 2 Giresun \\\/ Merkez T\u00fcrkiye GSM 1: 0535 463 6904 GSM 2: 0505 581 3395\",\"publisher\":{\"@id\":\"https:\\\/\\\/islamiilimler.org.tr\\\/#organization\"},\"potentialAction\":[{\"@type\":\"SearchAction\",\"target\":{\"@type\":\"EntryPoint\",\"urlTemplate\":\"https:\\\/\\\/islamiilimler.org.tr\\\/?s={search_term_string}\"},\"query-input\":{\"@type\":\"PropertyValueSpecification\",\"valueRequired\":true,\"valueName\":\"search_term_string\"}}],\"inLanguage\":\"tr\"},{\"@type\":\"Organization\",\"@id\":\"https:\\\/\\\/islamiilimler.org.tr\\\/#organization\",\"name\":\"Giresun \u0130slami \u0130limler Vakf\u0131\",\"url\":\"https:\\\/\\\/islamiilimler.org.tr\\\/\",\"logo\":{\"@type\":\"ImageObject\",\"inLanguage\":\"tr\",\"@id\":\"https:\\\/\\\/islamiilimler.org.tr\\\/#\\\/schema\\\/logo\\\/image\\\/\",\"url\":\"https:\\\/\\\/islamiilimler.org.tr\\\/wp-content\\\/uploads\\\/2022\\\/09\\\/cropped-logo-1.png\",\"contentUrl\":\"https:\\\/\\\/islamiilimler.org.tr\\\/wp-content\\\/uploads\\\/2022\\\/09\\\/cropped-logo-1.png\",\"width\":1500,\"height\":1500,\"caption\":\"Giresun \u0130slami \u0130limler Vakf\u0131\"},\"image\":{\"@id\":\"https:\\\/\\\/islamiilimler.org.tr\\\/#\\\/schema\\\/logo\\\/image\\\/\"}}]}<\/script>\n<!-- \/ Yoast SEO plugin. -->","yoast_head_json":{"title":"E\u011e\u0130T\u0130M - Giresun \u0130slami \u0130limler Vakf\u0131","robots":{"index":"index","follow":"follow","max-snippet":"max-snippet:-1","max-image-preview":"max-image-preview:large","max-video-preview":"max-video-preview:-1"},"canonical":"https:\/\/islamiilimler.org.tr\/?page_id=946","og_locale":"tr_TR","og_type":"article","og_title":"E\u011e\u0130T\u0130M - Giresun \u0130slami \u0130limler Vakf\u0131","og_description":"Vakf\u0131m\u0131z kuruldu\u011fu 2013 y\u0131l\u0131ndan itibaren G\u00fcz ve Bahar D\u00f6nemlerinde Bilim,Dil,K\u00fclt\u00fcr ve Sanat alanlar\u0131nda her y\u0131l ortalama 150 kadar \u00f6\u011frenciye muhtalif kurs ve seminerler d\u00fczenleyip ba\u015far\u0131yla tamamlam\u0131\u015ft\u0131r. Alan\u0131nda uzman \u00f6\u011fretmen kadromuz ve sizlerinde deste\u011fiyle tamamlamaya devam edecektir. KURSLARIMIZ VAKIF E\u011e\u0130T\u0130M KADROMUZ","og_url":"https:\/\/islamiilimler.org.tr\/?page_id=946","og_site_name":"Giresun \u0130slami \u0130limler Vakf\u0131","article_modified_time":"2021-10-01T16:24:07+00:00","twitter_card":"summary_large_image","twitter_misc":{"Tahmini okuma s\u00fcresi":"1 dakika"},"schema":{"@context":"https:\/\/schema.org","@graph":[{"@type":"WebPage","@id":"https:\/\/islamiilimler.org.tr\/?page_id=946","url":"https:\/\/islamiilimler.org.tr\/?page_id=946","name":"E\u011e\u0130T\u0130M - Giresun \u0130slami \u0130limler Vakf\u0131","isPartOf":{"@id":"https:\/\/islamiilimler.org.tr\/#website"},"datePublished":"2021-09-30T18:19:27+00:00","dateModified":"2021-10-01T16:24:07+00:00","breadcrumb":{"@id":"https:\/\/islamiilimler.org.tr\/?page_id=946#breadcrumb"},"inLanguage":"tr","potentialAction":[{"@type":"ReadAction","target":["https:\/\/islamiilimler.org.tr\/?page_id=946"]}]},{"@type":"BreadcrumbList","@id":"https:\/\/islamiilimler.org.tr\/?page_id=946#breadcrumb","itemListElement":[{"@type":"ListItem","position":1,"name":"Anasayfa","item":"https:\/\/islamiilimler.org.tr\/"},{"@type":"ListItem","position":2,"name":"E\u011e\u0130T\u0130M"}]},{"@type":"WebSite","@id":"https:\/\/islamiilimler.org.tr\/#website","url":"https:\/\/islamiilimler.org.tr\/","name":"Giresun \u0130slami \u0130limler Vakf\u0131","description":"Hac\u0131siyam Mahallesi Atat\u00fcrk Bulvar\u0131 Fatih Apartman\u0131 No 65\/2 Kat 1 Daire 2 Giresun \/ Merkez T\u00fcrkiye GSM 1: 0535 463 6904 GSM 2: 0505 581 3395","publisher":{"@id":"https:\/\/islamiilimler.org.tr\/#organization"},"potentialAction":[{"@type":"SearchAction","target":{"@type":"EntryPoint","urlTemplate":"https:\/\/islamiilimler.org.tr\/?s={search_term_string}"},"query-input":{"@type":"PropertyValueSpecification","valueRequired":true,"valueName":"search_term_string"}}],"inLanguage":"tr"},{"@type":"Organization","@id":"https:\/\/islamiilimler.org.tr\/#organization","name":"Giresun \u0130slami \u0130limler Vakf\u0131","url":"https:\/\/islamiilimler.org.tr\/","logo":{"@type":"ImageObject","inLanguage":"tr","@id":"https:\/\/islamiilimler.org.tr\/#\/schema\/logo\/image\/","url":"https:\/\/islamiilimler.org.tr\/wp-content\/uploads\/2022\/09\/cropped-logo-1.png","contentUrl":"https:\/\/islamiilimler.org.tr\/wp-content\/uploads\/2022\/09\/cropped-logo-1.png","width":1500,"height":1500,"caption":"Giresun \u0130slami \u0130limler Vakf\u0131"},"image":{"@id":"https:\/\/islamiilimler.org.tr\/#\/schema\/logo\/image\/"}}]}},"_links":{"self":[{"href":"https:\/\/islamiilimler.org.tr\/index.php?rest_route=\/wp\/v2\/pages\/946","targetHints":{"allow":["GET"]}}],"collection":[{"href":"https:\/\/islamiilimler.org.tr\/index.php?rest_route=\/wp\/v2\/pages"}],"about":[{"href":"https:\/\/islamiilimler.org.tr\/index.php?rest_route=\/wp\/v2\/types\/page"}],"author":[{"embeddable":true,"href":"https:\/\/islamiilimler.org.tr\/index.php?rest_route=\/wp\/v2\/users\/1"}],"replies":[{"embeddable":true,"href":"https:\/\/islamiilimler.org.tr\/index.php?rest_route=%2Fwp%2Fv2%2Fcomments&post=946"}],"version-history":[{"count":3,"href":"https:\/\/islamiilimler.org.tr\/index.php?rest_route=\/wp\/v2\/pages\/946\/revisions"}],"predecessor-version":[{"id":1091,"href":"https:\/\/islamiilimler.org.tr\/index.php?rest_route=\/wp\/v2\/pages\/946\/revisions\/1091"}],"wp:attachment":[{"href":"https:\/\/islamiilimler.org.tr\/index.php?rest_route=%2Fwp%2Fv2%2Fmedia&parent=946"}],"curies":[{"name":"wp","href":"https:\/\/api.w.org\/{rel}","templated":true}]}}