{"id":65,"date":"2021-08-25T20:42:08","date_gmt":"2021-08-25T17:42:08","guid":{"rendered":"https:\/\/islamiilimler297764845.wordpress.com\/?page_id=65"},"modified":"2026-01-17T12:14:54","modified_gmt":"2026-01-17T09:14:54","slug":"mutevelli-heyeti","status":"publish","type":"page","link":"https:\/\/islamiilimler.org.tr\/?page_id=65","title":{"rendered":"M\u00fctevelli Heyeti"},"content":{"rendered":"\n<div class=\"wp-block-columns is-layout-flex wp-container-core-columns-is-layout-9d6595d7 wp-block-columns-is-layout-flex\">\n<div class=\"wp-block-column is-layout-flow wp-block-column-is-layout-flow\"><\/div>\n<\/div>\n\n\n\n<div class=\"wp-block-columns is-layout-flex wp-container-core-columns-is-layout-9d6595d7 wp-block-columns-is-layout-flex\">\n<div class=\"wp-block-column is-layout-flow wp-block-column-is-layout-flow\"><\/div>\n\n\n\n<div class=\"wp-block-column is-layout-flow wp-block-column-is-layout-flow\">\n<ul class=\"wp-block-list\">\n<li>ABDURRAHMAN HA\u00c7KALI<\/li>\n\n\n\n<li>HASAN AYDIN<\/li>\n\n\n\n<li>ABDULLAH M\u00dcR\u015e\u0130T G\u00dcREL<\/li>\n\n\n\n<li>SEYFULLAH KARA<\/li>\n\n\n\n<li>AL\u0130 YILMAZ<\/li>\n\n\n\n<li>AYHAN AKTEN<\/li>\n\n\n\n<li>\u0130SLAM DEM\u0130RC\u0130<\/li>\n\n\n\n<li>MUSTAFA TUN\u00c7ER<\/li>\n\n\n\n<li>F\u0130KRET ATAR<\/li>\n\n\n\n<li>MUSTAFA TOP\u015e\u0130R<\/li>\n\n\n\n<li>MUSTAFA \u00c7AKMAK<\/li>\n\n\n\n<li>KAM\u0130L RUH\u0130 ALBAYRAK<\/li>\n\n\n\n<li>ZEK\u0130 SOYLU<\/li>\n\n\n\n<li>MUSTAFA \u00d6ZDEN<\/li>\n\n\n\n<li>MUSTAFA KARABI\u00c7AK<\/li>\n\n\n\n<li>SABR\u0130 \u00d6ZT\u00dcRK<\/li>\n\n\n\n<li>ERTU\u011eRUL GAZ\u0130<\/li>\n\n\n\n<li>G\u00dcLDENUR G\u00dcNER<\/li>\n\n\n\n<li>MUSTAFA DEM\u0130RC\u0130<\/li>\n\n\n\n<li>MUSTAFA KARADERE<\/li>\n\n\n\n<li>YAVUZ SEL\u0130M G\u00d6L<\/li>\n\n\n\n<li>H\u00dcSEY\u0130N TEK\u0130N<\/li>\n\n\n\n<li>ERCAN \u00c7AKIR<\/li>\n\n\n\n<li>RAB\u0130A ZAH\u0130DE DAMAR<\/li>\n\n\n\n<li>AT\u0130LLA UNAT<\/li>\n\n\n\n<li>H\u00dcSEY\u0130N ALGUR<\/li>\n\n\n\n<li>FAT\u0130H YED\u0130YILDIZ<\/li>\n\n\n\n<li>AL\u0130 PINAR<\/li>\n\n\n\n<li>FARUK NARMANLI<\/li>\n\n\n\n<li>B\u00dc\u015eRA YURTALAN<\/li>\n\n\n\n<li>ABDULHAM\u0130T SO\u011eUKPINAR<\/li>\n\n\n\n<li>AYTEK\u0130N \u015eENL\u0130KO\u011eLU<\/li>\n\n\n\n<li>AHMET BAYRAM<\/li>\n\n\n\n<li>HAKAN KORKMAZ<\/li>\n\n\n\n<li>OSMAN KILI\u00c7<\/li>\n\n\n\n<li>ERG\u0130N KILI\u00c7ASLAN<\/li>\n\n\n\n<li>GAL\u0130P AYAR<\/li>\n\n\n\n<li>CEMALETT\u0130N AYDINO\u011eLU<\/li>\n\n\n\n<li>RAS\u0130M BAYRAKTAR<\/li>\n\n\n\n<li>AS\u0130YE KARADEN\u0130Z<\/li>\n\n\n\n<li>AHMET TOBAY<\/li>\n\n\n\n<li>MEHMET FATSA<\/li>\n\n\n\n<li>S\u0130NAN AYDIN<\/li>\n<\/ul>\n<\/div>\n\n\n\n<div class=\"wp-block-column is-layout-flow wp-block-column-is-layout-flow\"><\/div>\n<\/div>\n","protected":false},"excerpt":{"rendered":"","protected":false},"author":1,"featured_media":0,"parent":179,"menu_order":1,"comment_status":"closed","ping_status":"closed","template":"","meta":{"_starter_page_template":"","footnotes":""},"class_list":["post-65","page","type-page","status-publish","hentry"],"yoast_head":"<!-- This site is optimized with the Yoast SEO plugin v27.6 - https:\/\/yoast.com\/product\/yoast-seo-wordpress\/ -->\n<title>M\u00fctevelli Heyeti - Giresun \u0130slami \u0130limler Vakf\u0131<\/title>\n<meta name=\"robots\" content=\"index, follow, max-snippet:-1, max-image-preview:large, max-video-preview:-1\" \/>\n<link rel=\"canonical\" href=\"https:\/\/islamiilimler.org.tr\/?page_id=65\" \/>\n<meta property=\"og:locale\" content=\"tr_TR\" \/>\n<meta property=\"og:type\" content=\"article\" \/>\n<meta property=\"og:title\" content=\"M\u00fctevelli Heyeti - Giresun \u0130slami \u0130limler Vakf\u0131\" \/>\n<meta property=\"og:url\" content=\"https:\/\/islamiilimler.org.tr\/?page_id=65\" \/>\n<meta property=\"og:site_name\" content=\"Giresun \u0130slami \u0130limler Vakf\u0131\" \/>\n<meta property=\"article:modified_time\" content=\"2026-01-17T09:14:54+00:00\" \/>\n<meta name=\"twitter:card\" content=\"summary_large_image\" \/>\n<meta name=\"twitter:label1\" content=\"Tahmini okuma s\u00fcresi\" \/>\n\t<meta name=\"twitter:data1\" content=\"1 dakika\" \/>\n<script type=\"application\/ld+json\" class=\"yoast-schema-graph\">{\"@context\":\"https:\\\/\\\/schema.org\",\"@graph\":[{\"@type\":\"WebPage\",\"@id\":\"https:\\\/\\\/islamiilimler.org.tr\\\/?page_id=65\",\"url\":\"https:\\\/\\\/islamiilimler.org.tr\\\/?page_id=65\",\"name\":\"M\u00fctevelli Heyeti - Giresun \u0130slami \u0130limler Vakf\u0131\",\"isPartOf\":{\"@id\":\"https:\\\/\\\/islamiilimler.org.tr\\\/#website\"},\"datePublished\":\"2021-08-25T17:42:08+00:00\",\"dateModified\":\"2026-01-17T09:14:54+00:00\",\"breadcrumb\":{\"@id\":\"https:\\\/\\\/islamiilimler.org.tr\\\/?page_id=65#breadcrumb\"},\"inLanguage\":\"tr\",\"potentialAction\":[{\"@type\":\"ReadAction\",\"target\":[\"https:\\\/\\\/islamiilimler.org.tr\\\/?page_id=65\"]}]},{\"@type\":\"BreadcrumbList\",\"@id\":\"https:\\\/\\\/islamiilimler.org.tr\\\/?page_id=65#breadcrumb\",\"itemListElement\":[{\"@type\":\"ListItem\",\"position\":1,\"name\":\"Anasayfa\",\"item\":\"https:\\\/\\\/islamiilimler.org.tr\\\/\"},{\"@type\":\"ListItem\",\"position\":2,\"name\":\"Kurumsal Yap\u0131\",\"item\":\"https:\\\/\\\/islamiilimler.org.tr\\\/?page_id=179\"},{\"@type\":\"ListItem\",\"position\":3,\"name\":\"M\u00fctevelli Heyeti\"}]},{\"@type\":\"WebSite\",\"@id\":\"https:\\\/\\\/islamiilimler.org.tr\\\/#website\",\"url\":\"https:\\\/\\\/islamiilimler.org.tr\\\/\",\"name\":\"Giresun \u0130slami \u0130limler Vakf\u0131\",\"description\":\"Hac\u0131siyam Mahallesi Atat\u00fcrk Bulvar\u0131 Fatih Apartman\u0131 No 65\\\/2 Kat 1 Daire 2 Giresun \\\/ Merkez T\u00fcrkiye GSM 1: 0535 463 6904 GSM 2: 0505 581 3395\",\"publisher\":{\"@id\":\"https:\\\/\\\/islamiilimler.org.tr\\\/#organization\"},\"potentialAction\":[{\"@type\":\"SearchAction\",\"target\":{\"@type\":\"EntryPoint\",\"urlTemplate\":\"https:\\\/\\\/islamiilimler.org.tr\\\/?s={search_term_string}\"},\"query-input\":{\"@type\":\"PropertyValueSpecification\",\"valueRequired\":true,\"valueName\":\"search_term_string\"}}],\"inLanguage\":\"tr\"},{\"@type\":\"Organization\",\"@id\":\"https:\\\/\\\/islamiilimler.org.tr\\\/#organization\",\"name\":\"Giresun \u0130slami \u0130limler Vakf\u0131\",\"url\":\"https:\\\/\\\/islamiilimler.org.tr\\\/\",\"logo\":{\"@type\":\"ImageObject\",\"inLanguage\":\"tr\",\"@id\":\"https:\\\/\\\/islamiilimler.org.tr\\\/#\\\/schema\\\/logo\\\/image\\\/\",\"url\":\"https:\\\/\\\/islamiilimler.org.tr\\\/wp-content\\\/uploads\\\/2022\\\/09\\\/cropped-logo-1.png\",\"contentUrl\":\"https:\\\/\\\/islamiilimler.org.tr\\\/wp-content\\\/uploads\\\/2022\\\/09\\\/cropped-logo-1.png\",\"width\":1500,\"height\":1500,\"caption\":\"Giresun \u0130slami \u0130limler Vakf\u0131\"},\"image\":{\"@id\":\"https:\\\/\\\/islamiilimler.org.tr\\\/#\\\/schema\\\/logo\\\/image\\\/\"}}]}<\/script>\n<!-- \/ Yoast SEO plugin. -->","yoast_head_json":{"title":"M\u00fctevelli Heyeti - Giresun \u0130slami \u0130limler Vakf\u0131","robots":{"index":"index","follow":"follow","max-snippet":"max-snippet:-1","max-image-preview":"max-image-preview:large","max-video-preview":"max-video-preview:-1"},"canonical":"https:\/\/islamiilimler.org.tr\/?page_id=65","og_locale":"tr_TR","og_type":"article","og_title":"M\u00fctevelli Heyeti - Giresun \u0130slami \u0130limler Vakf\u0131","og_url":"https:\/\/islamiilimler.org.tr\/?page_id=65","og_site_name":"Giresun \u0130slami \u0130limler Vakf\u0131","article_modified_time":"2026-01-17T09:14:54+00:00","twitter_card":"summary_large_image","twitter_misc":{"Tahmini okuma s\u00fcresi":"1 dakika"},"schema":{"@context":"https:\/\/schema.org","@graph":[{"@type":"WebPage","@id":"https:\/\/islamiilimler.org.tr\/?page_id=65","url":"https:\/\/islamiilimler.org.tr\/?page_id=65","name":"M\u00fctevelli Heyeti - Giresun \u0130slami \u0130limler Vakf\u0131","isPartOf":{"@id":"https:\/\/islamiilimler.org.tr\/#website"},"datePublished":"2021-08-25T17:42:08+00:00","dateModified":"2026-01-17T09:14:54+00:00","breadcrumb":{"@id":"https:\/\/islamiilimler.org.tr\/?page_id=65#breadcrumb"},"inLanguage":"tr","potentialAction":[{"@type":"ReadAction","target":["https:\/\/islamiilimler.org.tr\/?page_id=65"]}]},{"@type":"BreadcrumbList","@id":"https:\/\/islamiilimler.org.tr\/?page_id=65#breadcrumb","itemListElement":[{"@type":"ListItem","position":1,"name":"Anasayfa","item":"https:\/\/islamiilimler.org.tr\/"},{"@type":"ListItem","position":2,"name":"Kurumsal Yap\u0131","item":"https:\/\/islamiilimler.org.tr\/?page_id=179"},{"@type":"ListItem","position":3,"name":"M\u00fctevelli Heyeti"}]},{"@type":"WebSite","@id":"https:\/\/islamiilimler.org.tr\/#website","url":"https:\/\/islamiilimler.org.tr\/","name":"Giresun \u0130slami \u0130limler Vakf\u0131","description":"Hac\u0131siyam Mahallesi Atat\u00fcrk Bulvar\u0131 Fatih Apartman\u0131 No 65\/2 Kat 1 Daire 2 Giresun \/ Merkez T\u00fcrkiye GSM 1: 0535 463 6904 GSM 2: 0505 581 3395","publisher":{"@id":"https:\/\/islamiilimler.org.tr\/#organization"},"potentialAction":[{"@type":"SearchAction","target":{"@type":"EntryPoint","urlTemplate":"https:\/\/islamiilimler.org.tr\/?s={search_term_string}"},"query-input":{"@type":"PropertyValueSpecification","valueRequired":true,"valueName":"search_term_string"}}],"inLanguage":"tr"},{"@type":"Organization","@id":"https:\/\/islamiilimler.org.tr\/#organization","name":"Giresun \u0130slami \u0130limler Vakf\u0131","url":"https:\/\/islamiilimler.org.tr\/","logo":{"@type":"ImageObject","inLanguage":"tr","@id":"https:\/\/islamiilimler.org.tr\/#\/schema\/logo\/image\/","url":"https:\/\/islamiilimler.org.tr\/wp-content\/uploads\/2022\/09\/cropped-logo-1.png","contentUrl":"https:\/\/islamiilimler.org.tr\/wp-content\/uploads\/2022\/09\/cropped-logo-1.png","width":1500,"height":1500,"caption":"Giresun \u0130slami \u0130limler Vakf\u0131"},"image":{"@id":"https:\/\/islamiilimler.org.tr\/#\/schema\/logo\/image\/"}}]}},"_links":{"self":[{"href":"https:\/\/islamiilimler.org.tr\/index.php?rest_route=\/wp\/v2\/pages\/65","targetHints":{"allow":["GET"]}}],"collection":[{"href":"https:\/\/islamiilimler.org.tr\/index.php?rest_route=\/wp\/v2\/pages"}],"about":[{"href":"https:\/\/islamiilimler.org.tr\/index.php?rest_route=\/wp\/v2\/types\/page"}],"author":[{"embeddable":true,"href":"https:\/\/islamiilimler.org.tr\/index.php?rest_route=\/wp\/v2\/users\/1"}],"replies":[{"embeddable":true,"href":"https:\/\/islamiilimler.org.tr\/index.php?rest_route=%2Fwp%2Fv2%2Fcomments&post=65"}],"version-history":[{"count":8,"href":"https:\/\/islamiilimler.org.tr\/index.php?rest_route=\/wp\/v2\/pages\/65\/revisions"}],"predecessor-version":[{"id":2609,"href":"https:\/\/islamiilimler.org.tr\/index.php?rest_route=\/wp\/v2\/pages\/65\/revisions\/2609"}],"up":[{"embeddable":true,"href":"https:\/\/islamiilimler.org.tr\/index.php?rest_route=\/wp\/v2\/pages\/179"}],"wp:attachment":[{"href":"https:\/\/islamiilimler.org.tr\/index.php?rest_route=%2Fwp%2Fv2%2Fmedia&parent=65"}],"curies":[{"name":"wp","href":"https:\/\/api.w.org\/{rel}","templated":true}]}}