{"id":46,"date":"2021-08-25T20:24:22","date_gmt":"2021-08-25T17:24:22","guid":{"rendered":"https:\/\/islamiilimler297764845.wordpress.com\/?page_id=46"},"modified":"2021-10-01T13:31:43","modified_gmt":"2021-10-01T10:31:43","slug":"bagis","status":"publish","type":"page","link":"https:\/\/islamiilimler.org.tr\/?page_id=46","title":{"rendered":"Ba\u011f\u0131\u015f"},"content":{"rendered":"\n<p>Vakf\u0131m\u0131z ba\u015fta Giresun \u00dcniversitesi \u00f6\u011frecileri olmak \u00fczere ihtiya\u00e7 sahiplerine, \u00e7e\u015fitli yollarla ba\u011f\u0131\u015flar\u0131n\u0131z\u0131 ula\u015ft\u0131rmaktad\u0131r. D\u00fczenli olarak \u00fcniversite \u00f6\u011frecilerimize Te\u015fvik, Ba\u015far\u0131 ve \u0130htiya\u00e7 burslar\u0131 temin etmektedir. Ayr\u0131ca \u00f6\u011frencilerin e\u011fitim ve geli\u015fimlerine y\u00f6nelik Seminer,Panel,Konferans,Gezi vb. akademik ve k\u00fclt\u00fcrel faaliyetler y\u00fcr\u00fctmektedir. Zekat yahut adak gibi dini vecibeleriniz mutlaka sarf yerlerine ula\u015ft\u0131r\u0131lmaktad\u0131r.<\/p>\n\n\n\n<p><em><strong>&#8220;Bu hay\u0131r yolculu\u011funa siz de kat\u0131l\u0131r m\u0131s\u0131n\u0131z?&#8221;<\/strong><\/em><\/p>\n\n\n\n<p class=\"has-normal-font-size\">Ba\u011f\u0131\u015flar\u0131n\u0131z\u0131 a\u015fa\u011f\u0131daki banka hesaplar\u0131ndan vakf\u0131m\u0131za ula\u015ft\u0131rabilirsiniz.<\/p>\n\n\n\n<div style=\"height:8px\" aria-hidden=\"true\" class=\"wp-block-spacer\"><\/div>\n\n\n\n<div class=\"wp-block-columns is-layout-flex wp-container-core-columns-is-layout-9d6595d7 wp-block-columns-is-layout-flex\">\n<div class=\"wp-block-column is-layout-flow wp-block-column-is-layout-flow\">\n<figure class=\"wp-block-image size-large is-resized is-style-default\"><img loading=\"lazy\" decoding=\"async\" src=\"https:\/\/islamiilimler.org.tr\/wp-content\/uploads\/2021\/10\/Albaraka_Logo-1024x307.png\" alt=\"\" class=\"wp-image-1060\" width=\"390\" height=\"117\" srcset=\"https:\/\/islamiilimler.org.tr\/wp-content\/uploads\/2021\/10\/Albaraka_Logo-1024x307.png 1024w, https:\/\/islamiilimler.org.tr\/wp-content\/uploads\/2021\/10\/Albaraka_Logo-300x90.png 300w, https:\/\/islamiilimler.org.tr\/wp-content\/uploads\/2021\/10\/Albaraka_Logo-768x230.png 768w, https:\/\/islamiilimler.org.tr\/wp-content\/uploads\/2021\/10\/Albaraka_Logo-1536x460.png 1536w, https:\/\/islamiilimler.org.tr\/wp-content\/uploads\/2021\/10\/Albaraka_Logo-1200x360.png 1200w, https:\/\/islamiilimler.org.tr\/wp-content\/uploads\/2021\/10\/Albaraka_Logo.png 1772w\" sizes=\"auto, (max-width: 390px) 100vw, 390px\" \/><\/figure>\n\n\n\n<h5 class=\"wp-block-heading\">BA\u011eI\u015eLAR \u0130\u00c7\u0130N HESAP NUMARAMIZ:<\/h5>\n\n\n\n<p><strong>Banka:<\/strong> Albaraka Giresun \u015eubesi<\/p>\n\n\n\n<p><strong>Hesap No: <\/strong>135-1974661-1<\/p>\n\n\n\n<p><strong>IBAN:<\/strong> TR50 0020 3000 0197 4661 0000 01<\/p>\n<\/div>\n\n\n\n<div class=\"wp-block-column is-layout-flow wp-block-column-is-layout-flow\">\n<figure class=\"wp-block-image size-large is-resized is-style-default\"><img loading=\"lazy\" decoding=\"async\" src=\"https:\/\/islamiilimler.org.tr\/wp-content\/uploads\/2021\/10\/Albaraka_Logo-1-1024x307.png\" alt=\"\" class=\"wp-image-1061\" width=\"386\" height=\"116\" srcset=\"https:\/\/islamiilimler.org.tr\/wp-content\/uploads\/2021\/10\/Albaraka_Logo-1-1024x307.png 1024w, https:\/\/islamiilimler.org.tr\/wp-content\/uploads\/2021\/10\/Albaraka_Logo-1-300x90.png 300w, https:\/\/islamiilimler.org.tr\/wp-content\/uploads\/2021\/10\/Albaraka_Logo-1-768x230.png 768w, https:\/\/islamiilimler.org.tr\/wp-content\/uploads\/2021\/10\/Albaraka_Logo-1-1536x460.png 1536w, https:\/\/islamiilimler.org.tr\/wp-content\/uploads\/2021\/10\/Albaraka_Logo-1-1200x360.png 1200w, https:\/\/islamiilimler.org.tr\/wp-content\/uploads\/2021\/10\/Albaraka_Logo-1.png 1772w\" sizes=\"auto, (max-width: 386px) 100vw, 386px\" \/><\/figure>\n\n\n\n<h5 class=\"wp-block-heading\">ZEKAT BA\u011eI\u015eLARI \u0130\u00c7\u0130N HESAP NUMARAMIZ:<\/h5>\n\n\n\n<p><strong>Banka:<\/strong> Albaraka Giresun \u015eubesi<\/p>\n\n\n\n<p><strong>Hesap No:<\/strong> 135-1974661-3<\/p>\n\n\n\n<p>I<strong>BAN:<\/strong> TR93 0020 3000 0197 4661 0000 03<\/p>\n<\/div>\n<\/div>\n\n\n\n<p><\/p>\n","protected":false},"excerpt":{"rendered":"<p>Vakf\u0131m\u0131z ba\u015fta Giresun \u00dcniversitesi \u00f6\u011frecileri olmak \u00fczere ihtiya\u00e7 sahiplerine, \u00e7e\u015fitli yollarla ba\u011f\u0131\u015flar\u0131n\u0131z\u0131 ula\u015ft\u0131rmaktad\u0131r. D\u00fczenli olarak \u00fcniversite \u00f6\u011frecilerimize Te\u015fvik, Ba\u015far\u0131 ve \u0130htiya\u00e7 burslar\u0131 temin etmektedir. Ayr\u0131ca \u00f6\u011frencilerin e\u011fitim ve geli\u015fimlerine y\u00f6nelik Seminer,Panel,Konferans,Gezi vb. akademik ve k\u00fclt\u00fcrel faaliyetler y\u00fcr\u00fctmektedir. Zekat yahut adak gibi dini vecibeleriniz mutlaka sarf yerlerine ula\u015ft\u0131r\u0131lmaktad\u0131r. &#8220;Bu hay\u0131r yolculu\u011funa siz de kat\u0131l\u0131r m\u0131s\u0131n\u0131z?&#8221; Ba\u011f\u0131\u015flar\u0131n\u0131z\u0131 [&hellip;]<\/p>\n","protected":false},"author":1,"featured_media":0,"parent":0,"menu_order":0,"comment_status":"closed","ping_status":"closed","template":"","meta":{"_starter_page_template":"","footnotes":""},"class_list":["post-46","page","type-page","status-publish","hentry"],"yoast_head":"<!-- This site is optimized with the Yoast SEO plugin v27.6 - https:\/\/yoast.com\/product\/yoast-seo-wordpress\/ -->\n<title>Ba\u011f\u0131\u015f - Giresun \u0130slami \u0130limler Vakf\u0131<\/title>\n<meta name=\"description\" content=\"Vakf\u0131m\u0131z ba\u015fta Giresun \u00dcniversitesi \u00f6\u011frecileri olmak \u00fczere ihtiya\u00e7 sahiplerine, \u00e7e\u015fitli yollarla ba\u011f\u0131\u015flar\u0131n\u0131z\u0131 ula\u015ft\u0131rmaktad\u0131r. D\u00fczenli olarak \u00fcniversite\" \/>\n<meta name=\"robots\" content=\"index, follow, max-snippet:-1, max-image-preview:large, max-video-preview:-1\" \/>\n<link rel=\"canonical\" href=\"https:\/\/islamiilimler.org.tr\/?page_id=46\" \/>\n<meta property=\"og:locale\" content=\"tr_TR\" \/>\n<meta property=\"og:type\" content=\"article\" \/>\n<meta property=\"og:title\" content=\"Ba\u011f\u0131\u015f - Giresun \u0130slami \u0130limler Vakf\u0131\" \/>\n<meta property=\"og:description\" content=\"Vakf\u0131m\u0131z ba\u015fta Giresun \u00dcniversitesi \u00f6\u011frecileri olmak \u00fczere ihtiya\u00e7 sahiplerine, \u00e7e\u015fitli yollarla ba\u011f\u0131\u015flar\u0131n\u0131z\u0131 ula\u015ft\u0131rmaktad\u0131r. D\u00fczenli olarak \u00fcniversite\" \/>\n<meta property=\"og:url\" content=\"https:\/\/islamiilimler.org.tr\/?page_id=46\" \/>\n<meta property=\"og:site_name\" content=\"Giresun \u0130slami \u0130limler Vakf\u0131\" \/>\n<meta property=\"article:modified_time\" content=\"2021-10-01T10:31:43+00:00\" \/>\n<meta property=\"og:image\" content=\"https:\/\/islamiilimler.org.tr\/wp-content\/uploads\/2021\/10\/Albaraka_Logo-1024x307.png\" \/>\n<meta name=\"twitter:card\" content=\"summary_large_image\" \/>\n<meta name=\"twitter:label1\" content=\"Tahmini okuma s\u00fcresi\" \/>\n\t<meta name=\"twitter:data1\" content=\"1 dakika\" \/>\n<script type=\"application\/ld+json\" class=\"yoast-schema-graph\">{\"@context\":\"https:\\\/\\\/schema.org\",\"@graph\":[{\"@type\":\"WebPage\",\"@id\":\"https:\\\/\\\/islamiilimler.org.tr\\\/?page_id=46\",\"url\":\"https:\\\/\\\/islamiilimler.org.tr\\\/?page_id=46\",\"name\":\"Ba\u011f\u0131\u015f - Giresun \u0130slami \u0130limler Vakf\u0131\",\"isPartOf\":{\"@id\":\"https:\\\/\\\/islamiilimler.org.tr\\\/#website\"},\"primaryImageOfPage\":{\"@id\":\"https:\\\/\\\/islamiilimler.org.tr\\\/?page_id=46#primaryimage\"},\"image\":{\"@id\":\"https:\\\/\\\/islamiilimler.org.tr\\\/?page_id=46#primaryimage\"},\"thumbnailUrl\":\"https:\\\/\\\/islamiilimler.org.tr\\\/wp-content\\\/uploads\\\/2021\\\/10\\\/Albaraka_Logo-1024x307.png\",\"datePublished\":\"2021-08-25T17:24:22+00:00\",\"dateModified\":\"2021-10-01T10:31:43+00:00\",\"description\":\"Vakf\u0131m\u0131z ba\u015fta Giresun \u00dcniversitesi \u00f6\u011frecileri olmak \u00fczere ihtiya\u00e7 sahiplerine, \u00e7e\u015fitli yollarla ba\u011f\u0131\u015flar\u0131n\u0131z\u0131 ula\u015ft\u0131rmaktad\u0131r. D\u00fczenli olarak \u00fcniversite\",\"breadcrumb\":{\"@id\":\"https:\\\/\\\/islamiilimler.org.tr\\\/?page_id=46#breadcrumb\"},\"inLanguage\":\"tr\",\"potentialAction\":[{\"@type\":\"ReadAction\",\"target\":[\"https:\\\/\\\/islamiilimler.org.tr\\\/?page_id=46\"]}]},{\"@type\":\"ImageObject\",\"inLanguage\":\"tr\",\"@id\":\"https:\\\/\\\/islamiilimler.org.tr\\\/?page_id=46#primaryimage\",\"url\":\"https:\\\/\\\/islamiilimler.org.tr\\\/wp-content\\\/uploads\\\/2021\\\/10\\\/Albaraka_Logo.png\",\"contentUrl\":\"https:\\\/\\\/islamiilimler.org.tr\\\/wp-content\\\/uploads\\\/2021\\\/10\\\/Albaraka_Logo.png\",\"width\":1772,\"height\":531},{\"@type\":\"BreadcrumbList\",\"@id\":\"https:\\\/\\\/islamiilimler.org.tr\\\/?page_id=46#breadcrumb\",\"itemListElement\":[{\"@type\":\"ListItem\",\"position\":1,\"name\":\"Anasayfa\",\"item\":\"https:\\\/\\\/islamiilimler.org.tr\\\/\"},{\"@type\":\"ListItem\",\"position\":2,\"name\":\"Ba\u011f\u0131\u015f\"}]},{\"@type\":\"WebSite\",\"@id\":\"https:\\\/\\\/islamiilimler.org.tr\\\/#website\",\"url\":\"https:\\\/\\\/islamiilimler.org.tr\\\/\",\"name\":\"Giresun \u0130slami \u0130limler Vakf\u0131\",\"description\":\"Hac\u0131siyam Mahallesi Atat\u00fcrk Bulvar\u0131 Fatih Apartman\u0131 No 65\\\/2 Kat 1 Daire 2 Giresun \\\/ Merkez T\u00fcrkiye GSM 1: 0535 463 6904 GSM 2: 0505 581 3395\",\"publisher\":{\"@id\":\"https:\\\/\\\/islamiilimler.org.tr\\\/#organization\"},\"potentialAction\":[{\"@type\":\"SearchAction\",\"target\":{\"@type\":\"EntryPoint\",\"urlTemplate\":\"https:\\\/\\\/islamiilimler.org.tr\\\/?s={search_term_string}\"},\"query-input\":{\"@type\":\"PropertyValueSpecification\",\"valueRequired\":true,\"valueName\":\"search_term_string\"}}],\"inLanguage\":\"tr\"},{\"@type\":\"Organization\",\"@id\":\"https:\\\/\\\/islamiilimler.org.tr\\\/#organization\",\"name\":\"Giresun \u0130slami \u0130limler Vakf\u0131\",\"url\":\"https:\\\/\\\/islamiilimler.org.tr\\\/\",\"logo\":{\"@type\":\"ImageObject\",\"inLanguage\":\"tr\",\"@id\":\"https:\\\/\\\/islamiilimler.org.tr\\\/#\\\/schema\\\/logo\\\/image\\\/\",\"url\":\"https:\\\/\\\/islamiilimler.org.tr\\\/wp-content\\\/uploads\\\/2022\\\/09\\\/cropped-logo-1.png\",\"contentUrl\":\"https:\\\/\\\/islamiilimler.org.tr\\\/wp-content\\\/uploads\\\/2022\\\/09\\\/cropped-logo-1.png\",\"width\":1500,\"height\":1500,\"caption\":\"Giresun \u0130slami \u0130limler Vakf\u0131\"},\"image\":{\"@id\":\"https:\\\/\\\/islamiilimler.org.tr\\\/#\\\/schema\\\/logo\\\/image\\\/\"}}]}<\/script>\n<!-- \/ Yoast SEO plugin. -->","yoast_head_json":{"title":"Ba\u011f\u0131\u015f - Giresun \u0130slami \u0130limler Vakf\u0131","description":"Vakf\u0131m\u0131z ba\u015fta Giresun \u00dcniversitesi \u00f6\u011frecileri olmak \u00fczere ihtiya\u00e7 sahiplerine, \u00e7e\u015fitli yollarla ba\u011f\u0131\u015flar\u0131n\u0131z\u0131 ula\u015ft\u0131rmaktad\u0131r. D\u00fczenli olarak \u00fcniversite","robots":{"index":"index","follow":"follow","max-snippet":"max-snippet:-1","max-image-preview":"max-image-preview:large","max-video-preview":"max-video-preview:-1"},"canonical":"https:\/\/islamiilimler.org.tr\/?page_id=46","og_locale":"tr_TR","og_type":"article","og_title":"Ba\u011f\u0131\u015f - Giresun \u0130slami \u0130limler Vakf\u0131","og_description":"Vakf\u0131m\u0131z ba\u015fta Giresun \u00dcniversitesi \u00f6\u011frecileri olmak \u00fczere ihtiya\u00e7 sahiplerine, \u00e7e\u015fitli yollarla ba\u011f\u0131\u015flar\u0131n\u0131z\u0131 ula\u015ft\u0131rmaktad\u0131r. D\u00fczenli olarak \u00fcniversite","og_url":"https:\/\/islamiilimler.org.tr\/?page_id=46","og_site_name":"Giresun \u0130slami \u0130limler Vakf\u0131","article_modified_time":"2021-10-01T10:31:43+00:00","og_image":[{"url":"https:\/\/islamiilimler.org.tr\/wp-content\/uploads\/2021\/10\/Albaraka_Logo-1024x307.png","type":"","width":"","height":""}],"twitter_card":"summary_large_image","twitter_misc":{"Tahmini okuma s\u00fcresi":"1 dakika"},"schema":{"@context":"https:\/\/schema.org","@graph":[{"@type":"WebPage","@id":"https:\/\/islamiilimler.org.tr\/?page_id=46","url":"https:\/\/islamiilimler.org.tr\/?page_id=46","name":"Ba\u011f\u0131\u015f - Giresun \u0130slami \u0130limler Vakf\u0131","isPartOf":{"@id":"https:\/\/islamiilimler.org.tr\/#website"},"primaryImageOfPage":{"@id":"https:\/\/islamiilimler.org.tr\/?page_id=46#primaryimage"},"image":{"@id":"https:\/\/islamiilimler.org.tr\/?page_id=46#primaryimage"},"thumbnailUrl":"https:\/\/islamiilimler.org.tr\/wp-content\/uploads\/2021\/10\/Albaraka_Logo-1024x307.png","datePublished":"2021-08-25T17:24:22+00:00","dateModified":"2021-10-01T10:31:43+00:00","description":"Vakf\u0131m\u0131z ba\u015fta Giresun \u00dcniversitesi \u00f6\u011frecileri olmak \u00fczere ihtiya\u00e7 sahiplerine, \u00e7e\u015fitli yollarla ba\u011f\u0131\u015flar\u0131n\u0131z\u0131 ula\u015ft\u0131rmaktad\u0131r. D\u00fczenli olarak \u00fcniversite","breadcrumb":{"@id":"https:\/\/islamiilimler.org.tr\/?page_id=46#breadcrumb"},"inLanguage":"tr","potentialAction":[{"@type":"ReadAction","target":["https:\/\/islamiilimler.org.tr\/?page_id=46"]}]},{"@type":"ImageObject","inLanguage":"tr","@id":"https:\/\/islamiilimler.org.tr\/?page_id=46#primaryimage","url":"https:\/\/islamiilimler.org.tr\/wp-content\/uploads\/2021\/10\/Albaraka_Logo.png","contentUrl":"https:\/\/islamiilimler.org.tr\/wp-content\/uploads\/2021\/10\/Albaraka_Logo.png","width":1772,"height":531},{"@type":"BreadcrumbList","@id":"https:\/\/islamiilimler.org.tr\/?page_id=46#breadcrumb","itemListElement":[{"@type":"ListItem","position":1,"name":"Anasayfa","item":"https:\/\/islamiilimler.org.tr\/"},{"@type":"ListItem","position":2,"name":"Ba\u011f\u0131\u015f"}]},{"@type":"WebSite","@id":"https:\/\/islamiilimler.org.tr\/#website","url":"https:\/\/islamiilimler.org.tr\/","name":"Giresun \u0130slami \u0130limler Vakf\u0131","description":"Hac\u0131siyam Mahallesi Atat\u00fcrk Bulvar\u0131 Fatih Apartman\u0131 No 65\/2 Kat 1 Daire 2 Giresun \/ Merkez T\u00fcrkiye GSM 1: 0535 463 6904 GSM 2: 0505 581 3395","publisher":{"@id":"https:\/\/islamiilimler.org.tr\/#organization"},"potentialAction":[{"@type":"SearchAction","target":{"@type":"EntryPoint","urlTemplate":"https:\/\/islamiilimler.org.tr\/?s={search_term_string}"},"query-input":{"@type":"PropertyValueSpecification","valueRequired":true,"valueName":"search_term_string"}}],"inLanguage":"tr"},{"@type":"Organization","@id":"https:\/\/islamiilimler.org.tr\/#organization","name":"Giresun \u0130slami \u0130limler Vakf\u0131","url":"https:\/\/islamiilimler.org.tr\/","logo":{"@type":"ImageObject","inLanguage":"tr","@id":"https:\/\/islamiilimler.org.tr\/#\/schema\/logo\/image\/","url":"https:\/\/islamiilimler.org.tr\/wp-content\/uploads\/2022\/09\/cropped-logo-1.png","contentUrl":"https:\/\/islamiilimler.org.tr\/wp-content\/uploads\/2022\/09\/cropped-logo-1.png","width":1500,"height":1500,"caption":"Giresun \u0130slami \u0130limler Vakf\u0131"},"image":{"@id":"https:\/\/islamiilimler.org.tr\/#\/schema\/logo\/image\/"}}]}},"_links":{"self":[{"href":"https:\/\/islamiilimler.org.tr\/index.php?rest_route=\/wp\/v2\/pages\/46","targetHints":{"allow":["GET"]}}],"collection":[{"href":"https:\/\/islamiilimler.org.tr\/index.php?rest_route=\/wp\/v2\/pages"}],"about":[{"href":"https:\/\/islamiilimler.org.tr\/index.php?rest_route=\/wp\/v2\/types\/page"}],"author":[{"embeddable":true,"href":"https:\/\/islamiilimler.org.tr\/index.php?rest_route=\/wp\/v2\/users\/1"}],"replies":[{"embeddable":true,"href":"https:\/\/islamiilimler.org.tr\/index.php?rest_route=%2Fwp%2Fv2%2Fcomments&post=46"}],"version-history":[{"count":4,"href":"https:\/\/islamiilimler.org.tr\/index.php?rest_route=\/wp\/v2\/pages\/46\/revisions"}],"predecessor-version":[{"id":1068,"href":"https:\/\/islamiilimler.org.tr\/index.php?rest_route=\/wp\/v2\/pages\/46\/revisions\/1068"}],"wp:attachment":[{"href":"https:\/\/islamiilimler.org.tr\/index.php?rest_route=%2Fwp%2Fv2%2Fmedia&parent=46"}],"curies":[{"name":"wp","href":"https:\/\/api.w.org\/{rel}","templated":true}]}}