{"id":319,"date":"2021-08-25T19:59:34","date_gmt":"2021-08-25T16:59:34","guid":{"rendered":"https:\/\/islamiilimler297764845.wordpress.com\/?page_id=6"},"modified":"2022-09-26T21:01:10","modified_gmt":"2022-09-26T18:01:10","slug":"home","status":"publish","type":"page","link":"https:\/\/islamiilimler.org.tr\/?page_id=319","title":{"rendered":"HABERLER"},"content":{"rendered":"\n<p class=\"has-text-align-center has-x-large-font-size\" style=\"font-style:normal;font-weight:800\"><strong>HABERLER<\/strong><\/p>\n\n\n\n<p class=\"has-text-align-center has-medium-font-size\">Vakf\u0131m\u0131z ile alakal\u0131 g\u00fcncel haberleri burada bulabilirsiniz. <\/p>\n\n\n<div class=\"wp-block-newspack-blocks-carousel\" id=\"wp-block-newspack-carousel__1\" data-current-post-id=2522 data-slides-per-view=1 data-slide-count=3 data-aspect-ratio=0.75><div class=\"swiper-container\"><div class=\"swiper-wrapper\">\n\t\t\t<article data-post-id=\"2599\" class=\"post-has-image swiper-slide category-duyurular category-yayinlar type-post post\">\n\t\t\t\t<figure class=\"post-thumbnail\">\n\t\t\t\t\t\t\t\t\t\t<a href=\"https:\/\/islamiilimler.org.tr\/?p=2599\" rel=\"bookmark\">\n\t\t\t\t\t\t\t\t\t\t\t\t\t\t\t\t\t\t<div class=\"wp-block-newspack-blocks-carousel__placeholder\"><\/div>\n\t\t\t\t\t\t\t\t\t\t\t\t\t\t\t\t<\/a>\n\t\t\t\t\t\t\t\t\t<\/figure>\n\n\t\t\t\t\t\t\t\t\t<div class=\"entry-wrapper\">\n\t\t\t\t\t\t\n\t\t\t\t\t\t<h3 class=\"entry-title\"><a href=\"https:\/\/islamiilimler.org.tr\/?p=2599\" rel=\"bookmark\">Yazar Amir Dastmardi taraf\u0131ndan kaleme al\u0131nan ve edit\u00f6rl\u00fc\u011f\u00fcn\u00fc Dr. Recep Bahad\u0131r Haydaro\u011flu\u2019nun yapt\u0131\u011f\u0131 \u201cKullan\u0131c\u0131 Deneyimi Tasar\u0131m\u0131n\u0131n Teorik Temelleri\u201d isimli yeni eser, Giresun \u0130slami \u0130limler Vakf\u0131 Yay\u0131nlar\u0131 taraf\u0131ndan yay\u0131mland\u0131.<\/a><\/h3>\n\t\t\t\t\t\t<div class=\"entry-meta\">\n\t\t\t\t\t\t\t<a href=\"https:\/\/islamiilimler.org.tr\/?author=1\"><\/a>\t\t\t\t\t\t\t\t\t<span class=\"byline\">\n\t\t\t\t\t\t\t\t\t\t<span class=\"author-prefix\">yazan:<\/span> <span class=\"author vcard\"><a class=\"url fn n\" href=\"https:\/\/islamiilimler.org.tr\/?author=1\">Giresun \u0130slami \u0130limler Vakf\u0131<\/a><\/span>\t\t\t\t\t\t\t\t\t<\/span><!-- .author-name -->\n\t\t\t\t\t\t\t\t\t<time class=\"entry-date published\" datetime=\"2025-12-31T19:47:53+03:00\">31 Aral\u0131k 2025<\/time>\t\t\t\t\t\t<\/div><!-- .entry-meta -->\n\t\t\t\t\t<\/div><!-- .entry-wrapper -->\n\t\t\t\t\t\t\t<\/article>\n\t\t\t\n\t\t\t<article data-post-id=\"2531\" class=\"post-has-image swiper-slide category-duyurular type-post post\">\n\t\t\t\t<figure class=\"post-thumbnail\">\n\t\t\t\t\t\t\t\t\t\t<a href=\"https:\/\/islamiilimler.org.tr\/?p=2531\" rel=\"bookmark\">\n\t\t\t\t\t\t\t\t\t\t\t\t\t\t\t\t\t\t<div class=\"wp-block-newspack-blocks-carousel__placeholder\"><\/div>\n\t\t\t\t\t\t\t\t\t\t\t\t\t\t\t\t<\/a>\n\t\t\t\t\t\t\t\t\t<\/figure>\n\n\t\t\t\t\t\t\t\t\t<div class=\"entry-wrapper\">\n\t\t\t\t\t\t\n\t\t\t\t\t\t<h3 class=\"entry-title\"><a href=\"https:\/\/islamiilimler.org.tr\/?p=2531\" rel=\"bookmark\">Kamuoyuna Duyuru<\/a><\/h3>\n\t\t\t\t\t\t<div class=\"entry-meta\">\n\t\t\t\t\t\t\t<a href=\"https:\/\/islamiilimler.org.tr\/?author=1\"><\/a>\t\t\t\t\t\t\t\t\t<span class=\"byline\">\n\t\t\t\t\t\t\t\t\t\t<span class=\"author-prefix\">yazan:<\/span> <span class=\"author vcard\"><a class=\"url fn n\" href=\"https:\/\/islamiilimler.org.tr\/?author=1\">Giresun \u0130slami \u0130limler Vakf\u0131<\/a><\/span>\t\t\t\t\t\t\t\t\t<\/span><!-- .author-name -->\n\t\t\t\t\t\t\t\t\t<time class=\"entry-date published\" datetime=\"2025-04-22T23:07:40+03:00\">22 Nisan 2025<\/time>\t\t\t\t\t\t<\/div><!-- .entry-meta -->\n\t\t\t\t\t<\/div><!-- .entry-wrapper -->\n\t\t\t\t\t\t\t<\/article>\n\t\t\t\n\t\t\t<article data-post-id=\"2522\" class=\"post-has-image swiper-slide category-duyurular type-post post\">\n\t\t\t\t<figure class=\"post-thumbnail\">\n\t\t\t\t\t\t\t\t\t\t<a href=\"https:\/\/islamiilimler.org.tr\/?p=2522\" rel=\"bookmark\">\n\t\t\t\t\t\t\t\t\t\t\t\t\t\t\t\t\t\t<div class=\"wp-block-newspack-blocks-carousel__placeholder\"><\/div>\n\t\t\t\t\t\t\t\t\t\t\t\t\t\t\t\t<\/a>\n\t\t\t\t\t\t\t\t\t<\/figure>\n\n\t\t\t\t\t\t\t\t\t<div class=\"entry-wrapper\">\n\t\t\t\t\t\t\n\t\t\t\t\t\t<h3 class=\"entry-title\"><a href=\"https:\/\/islamiilimler.org.tr\/?p=2522\" rel=\"bookmark\">M\u00fctevelli Toplant\u0131 Duyurusu<\/a><\/h3>\n\t\t\t\t\t\t<div class=\"entry-meta\">\n\t\t\t\t\t\t\t<a href=\"https:\/\/islamiilimler.org.tr\/?author=1\"><\/a>\t\t\t\t\t\t\t\t\t<span class=\"byline\">\n\t\t\t\t\t\t\t\t\t\t<span class=\"author-prefix\">yazan:<\/span> <span class=\"author vcard\"><a class=\"url fn n\" href=\"https:\/\/islamiilimler.org.tr\/?author=1\">Giresun \u0130slami \u0130limler Vakf\u0131<\/a><\/span>\t\t\t\t\t\t\t\t\t<\/span><!-- .author-name -->\n\t\t\t\t\t\t\t\t\t<time class=\"entry-date published\" datetime=\"2025-02-07T10:30:26+03:00\">7 \u015eubat 2025<\/time>\t\t\t\t\t\t<\/div><!-- .entry-meta -->\n\t\t\t\t\t<\/div><!-- .entry-wrapper -->\n\t\t\t\t\t\t\t<\/article>\n\t\t\t<\/div><button class=\"swiper-button swiper-button-prev\" aria-label=\"\u00d6nceki Slayt\" ><\/button><button class=\"swiper-button swiper-button-next\" aria-label=\"Sonraki Slayt\" ><\/button><\/div><div class=\"swiper-pagination-bullets amp-pagination\" ><button option=\"0\" class=\"swiper-pagination-bullet\" aria-label=\"1 numaral\u0131 slayta git\" selected><\/button><button option=\"1\" class=\"swiper-pagination-bullet\" aria-label=\"2 numaral\u0131 slayta git\" ><\/button><button option=\"2\" class=\"swiper-pagination-bullet\" aria-label=\"3 numaral\u0131 slayta git\" ><\/button><\/div><\/div>","protected":false},"excerpt":{"rendered":"<p>HABERLER Vakf\u0131m\u0131z ile alakal\u0131 g\u00fcncel haberleri burada bulabilirsiniz.<\/p>\n","protected":false},"author":1,"featured_media":0,"parent":0,"menu_order":1,"comment_status":"closed","ping_status":"closed","template":"","meta":{"_starter_page_template":"","footnotes":""},"class_list":["post-319","page","type-page","status-publish","hentry"],"yoast_head":"<!-- This site is optimized with the Yoast SEO plugin v27.4 - https:\/\/yoast.com\/product\/yoast-seo-wordpress\/ -->\n<title>HABERLER - Giresun \u0130slami \u0130limler Vakf\u0131<\/title>\n<meta name=\"description\" content=\"Giresun \u0130slami \u0130limler Vakf\u0131 \u0130nternet Sitesi. \u0130leti\u015fim: Mahalle, Cadde, Sokak, No: Merkez \/ Giresun Telefon: 0555 000 0000\" \/>\n<meta name=\"robots\" content=\"index, follow, max-snippet:-1, max-image-preview:large, max-video-preview:-1\" \/>\n<link rel=\"canonical\" href=\"https:\/\/islamiilimler.org.tr\/?page_id=319\" \/>\n<meta property=\"og:locale\" content=\"tr_TR\" \/>\n<meta property=\"og:type\" content=\"article\" \/>\n<meta property=\"og:title\" content=\"HABERLER - Giresun \u0130slami \u0130limler Vakf\u0131\" \/>\n<meta property=\"og:description\" content=\"Giresun \u0130slami \u0130limler Vakf\u0131 \u0130nternet Sitesi. \u0130leti\u015fim: Mahalle, Cadde, Sokak, No: Merkez \/ Giresun Telefon: 0555 000 0000\" \/>\n<meta property=\"og:url\" content=\"https:\/\/islamiilimler.org.tr\/?page_id=319\" \/>\n<meta property=\"og:site_name\" content=\"Giresun \u0130slami \u0130limler Vakf\u0131\" \/>\n<meta property=\"article:modified_time\" content=\"2022-09-26T18:01:10+00:00\" \/>\n<meta name=\"twitter:card\" content=\"summary_large_image\" \/>\n<meta name=\"twitter:label1\" content=\"Tahmini okuma s\u00fcresi\" \/>\n\t<meta name=\"twitter:data1\" content=\"1 dakika\" \/>\n<script type=\"application\/ld+json\" class=\"yoast-schema-graph\">{\"@context\":\"https:\\\/\\\/schema.org\",\"@graph\":[{\"@type\":\"WebPage\",\"@id\":\"https:\\\/\\\/islamiilimler.org.tr\\\/?page_id=319\",\"url\":\"https:\\\/\\\/islamiilimler.org.tr\\\/?page_id=319\",\"name\":\"HABERLER - Giresun \u0130slami \u0130limler Vakf\u0131\",\"isPartOf\":{\"@id\":\"https:\\\/\\\/islamiilimler.org.tr\\\/#website\"},\"datePublished\":\"2021-08-25T16:59:34+00:00\",\"dateModified\":\"2022-09-26T18:01:10+00:00\",\"description\":\"Giresun \u0130slami \u0130limler Vakf\u0131 \u0130nternet Sitesi. \u0130leti\u015fim: Mahalle, Cadde, Sokak, No: Merkez \\\/ Giresun Telefon: 0555 000 0000\",\"breadcrumb\":{\"@id\":\"https:\\\/\\\/islamiilimler.org.tr\\\/?page_id=319#breadcrumb\"},\"inLanguage\":\"tr\",\"potentialAction\":[{\"@type\":\"ReadAction\",\"target\":[\"https:\\\/\\\/islamiilimler.org.tr\\\/?page_id=319\"]}]},{\"@type\":\"BreadcrumbList\",\"@id\":\"https:\\\/\\\/islamiilimler.org.tr\\\/?page_id=319#breadcrumb\",\"itemListElement\":[{\"@type\":\"ListItem\",\"position\":1,\"name\":\"Anasayfa\",\"item\":\"https:\\\/\\\/islamiilimler.org.tr\\\/\"},{\"@type\":\"ListItem\",\"position\":2,\"name\":\"HABERLER\"}]},{\"@type\":\"WebSite\",\"@id\":\"https:\\\/\\\/islamiilimler.org.tr\\\/#website\",\"url\":\"https:\\\/\\\/islamiilimler.org.tr\\\/\",\"name\":\"Giresun \u0130slami \u0130limler Vakf\u0131\",\"description\":\"Hac\u0131siyam Mahallesi Atat\u00fcrk Bulvar\u0131 Fatih Apartman\u0131 No 65\\\/2 Kat 1 Daire 2 Giresun \\\/ Merkez T\u00fcrkiye GSM 1: 0535 463 6904 GSM 2: 0505 581 3395\",\"publisher\":{\"@id\":\"https:\\\/\\\/islamiilimler.org.tr\\\/#organization\"},\"potentialAction\":[{\"@type\":\"SearchAction\",\"target\":{\"@type\":\"EntryPoint\",\"urlTemplate\":\"https:\\\/\\\/islamiilimler.org.tr\\\/?s={search_term_string}\"},\"query-input\":{\"@type\":\"PropertyValueSpecification\",\"valueRequired\":true,\"valueName\":\"search_term_string\"}}],\"inLanguage\":\"tr\"},{\"@type\":\"Organization\",\"@id\":\"https:\\\/\\\/islamiilimler.org.tr\\\/#organization\",\"name\":\"Giresun \u0130slami \u0130limler Vakf\u0131\",\"url\":\"https:\\\/\\\/islamiilimler.org.tr\\\/\",\"logo\":{\"@type\":\"ImageObject\",\"inLanguage\":\"tr\",\"@id\":\"https:\\\/\\\/islamiilimler.org.tr\\\/#\\\/schema\\\/logo\\\/image\\\/\",\"url\":\"https:\\\/\\\/islamiilimler.org.tr\\\/wp-content\\\/uploads\\\/2022\\\/09\\\/cropped-logo-1.png\",\"contentUrl\":\"https:\\\/\\\/islamiilimler.org.tr\\\/wp-content\\\/uploads\\\/2022\\\/09\\\/cropped-logo-1.png\",\"width\":1500,\"height\":1500,\"caption\":\"Giresun \u0130slami \u0130limler Vakf\u0131\"},\"image\":{\"@id\":\"https:\\\/\\\/islamiilimler.org.tr\\\/#\\\/schema\\\/logo\\\/image\\\/\"}}]}<\/script>\n<!-- \/ Yoast SEO plugin. -->","yoast_head_json":{"title":"HABERLER - Giresun \u0130slami \u0130limler Vakf\u0131","description":"Giresun \u0130slami \u0130limler Vakf\u0131 \u0130nternet Sitesi. \u0130leti\u015fim: Mahalle, Cadde, Sokak, No: Merkez \/ Giresun Telefon: 0555 000 0000","robots":{"index":"index","follow":"follow","max-snippet":"max-snippet:-1","max-image-preview":"max-image-preview:large","max-video-preview":"max-video-preview:-1"},"canonical":"https:\/\/islamiilimler.org.tr\/?page_id=319","og_locale":"tr_TR","og_type":"article","og_title":"HABERLER - Giresun \u0130slami \u0130limler Vakf\u0131","og_description":"Giresun \u0130slami \u0130limler Vakf\u0131 \u0130nternet Sitesi. \u0130leti\u015fim: Mahalle, Cadde, Sokak, No: Merkez \/ Giresun Telefon: 0555 000 0000","og_url":"https:\/\/islamiilimler.org.tr\/?page_id=319","og_site_name":"Giresun \u0130slami \u0130limler Vakf\u0131","article_modified_time":"2022-09-26T18:01:10+00:00","twitter_card":"summary_large_image","twitter_misc":{"Tahmini okuma s\u00fcresi":"1 dakika"},"schema":{"@context":"https:\/\/schema.org","@graph":[{"@type":"WebPage","@id":"https:\/\/islamiilimler.org.tr\/?page_id=319","url":"https:\/\/islamiilimler.org.tr\/?page_id=319","name":"HABERLER - Giresun \u0130slami \u0130limler Vakf\u0131","isPartOf":{"@id":"https:\/\/islamiilimler.org.tr\/#website"},"datePublished":"2021-08-25T16:59:34+00:00","dateModified":"2022-09-26T18:01:10+00:00","description":"Giresun \u0130slami \u0130limler Vakf\u0131 \u0130nternet Sitesi. \u0130leti\u015fim: Mahalle, Cadde, Sokak, No: Merkez \/ Giresun Telefon: 0555 000 0000","breadcrumb":{"@id":"https:\/\/islamiilimler.org.tr\/?page_id=319#breadcrumb"},"inLanguage":"tr","potentialAction":[{"@type":"ReadAction","target":["https:\/\/islamiilimler.org.tr\/?page_id=319"]}]},{"@type":"BreadcrumbList","@id":"https:\/\/islamiilimler.org.tr\/?page_id=319#breadcrumb","itemListElement":[{"@type":"ListItem","position":1,"name":"Anasayfa","item":"https:\/\/islamiilimler.org.tr\/"},{"@type":"ListItem","position":2,"name":"HABERLER"}]},{"@type":"WebSite","@id":"https:\/\/islamiilimler.org.tr\/#website","url":"https:\/\/islamiilimler.org.tr\/","name":"Giresun \u0130slami \u0130limler Vakf\u0131","description":"Hac\u0131siyam Mahallesi Atat\u00fcrk Bulvar\u0131 Fatih Apartman\u0131 No 65\/2 Kat 1 Daire 2 Giresun \/ Merkez T\u00fcrkiye GSM 1: 0535 463 6904 GSM 2: 0505 581 3395","publisher":{"@id":"https:\/\/islamiilimler.org.tr\/#organization"},"potentialAction":[{"@type":"SearchAction","target":{"@type":"EntryPoint","urlTemplate":"https:\/\/islamiilimler.org.tr\/?s={search_term_string}"},"query-input":{"@type":"PropertyValueSpecification","valueRequired":true,"valueName":"search_term_string"}}],"inLanguage":"tr"},{"@type":"Organization","@id":"https:\/\/islamiilimler.org.tr\/#organization","name":"Giresun \u0130slami \u0130limler Vakf\u0131","url":"https:\/\/islamiilimler.org.tr\/","logo":{"@type":"ImageObject","inLanguage":"tr","@id":"https:\/\/islamiilimler.org.tr\/#\/schema\/logo\/image\/","url":"https:\/\/islamiilimler.org.tr\/wp-content\/uploads\/2022\/09\/cropped-logo-1.png","contentUrl":"https:\/\/islamiilimler.org.tr\/wp-content\/uploads\/2022\/09\/cropped-logo-1.png","width":1500,"height":1500,"caption":"Giresun \u0130slami \u0130limler Vakf\u0131"},"image":{"@id":"https:\/\/islamiilimler.org.tr\/#\/schema\/logo\/image\/"}}]}},"_links":{"self":[{"href":"https:\/\/islamiilimler.org.tr\/index.php?rest_route=\/wp\/v2\/pages\/319","targetHints":{"allow":["GET"]}}],"collection":[{"href":"https:\/\/islamiilimler.org.tr\/index.php?rest_route=\/wp\/v2\/pages"}],"about":[{"href":"https:\/\/islamiilimler.org.tr\/index.php?rest_route=\/wp\/v2\/types\/page"}],"author":[{"embeddable":true,"href":"https:\/\/islamiilimler.org.tr\/index.php?rest_route=\/wp\/v2\/users\/1"}],"replies":[{"embeddable":true,"href":"https:\/\/islamiilimler.org.tr\/index.php?rest_route=%2Fwp%2Fv2%2Fcomments&post=319"}],"version-history":[{"count":15,"href":"https:\/\/islamiilimler.org.tr\/index.php?rest_route=\/wp\/v2\/pages\/319\/revisions"}],"predecessor-version":[{"id":1678,"href":"https:\/\/islamiilimler.org.tr\/index.php?rest_route=\/wp\/v2\/pages\/319\/revisions\/1678"}],"wp:attachment":[{"href":"https:\/\/islamiilimler.org.tr\/index.php?rest_route=%2Fwp%2Fv2%2Fmedia&parent=319"}],"curies":[{"name":"wp","href":"https:\/\/api.w.org\/{rel}","templated":true}]}}