{"id":2504,"date":"2024-10-25T15:24:52","date_gmt":"2024-10-25T12:24:52","guid":{"rendered":"https:\/\/islamiilimler.org.tr\/?page_id=2504"},"modified":"2024-10-25T15:32:14","modified_gmt":"2024-10-25T12:32:14","slug":"2024-2025-burs-sonuclari","status":"publish","type":"page","link":"https:\/\/islamiilimler.org.tr\/?page_id=2504","title":{"rendered":"2024-2025 E\u011fitim \u00d6\u011fretim Y\u0131l\u0131 Burs Almaya Hak Kazananlar Listesi"},"content":{"rendered":"\n<p>Burs almaya hak kazanan \u00f6\u011frencilerin 1 Kas\u0131m 2024 Cuma g\u00fcn\u00fc mesai bitimine kadar \u0130ban Bilgilerini a\u015fa\u011f\u0131daki linkten doldurmalar\u0131 gerekmektedir. Aksi halde \u00f6\u011frenci hakk\u0131ndan feragat etmi\u015f say\u0131lacakt\u0131r.<\/p>\n\n\n\n<div class=\"wp-block-buttons is-layout-flex wp-block-buttons-is-layout-flex\">\n<div class=\"wp-block-button\"><a class=\"wp-block-button__link wp-element-button\" href=\"https:\/\/docs.google.com\/forms\/d\/e\/1FAIpQLSfLaY3sEAwKC61jtkfvAp2tmTCeN7StDWzCr33ERFT3n6vMIA\/viewform?usp=sf_link\">IBAN Bilgisi Doldurmak \u0130\u00e7in T\u0131klay\u0131n\u0131z<\/a><\/div>\n<\/div>\n\n\n\n<figure class=\"wp-block-image size-large\"><img loading=\"lazy\" decoding=\"async\" width=\"1024\" height=\"724\" src=\"https:\/\/islamiilimler.org.tr\/wp-content\/uploads\/2024\/10\/Burs-Listesi-1024x724.jpg\" alt=\"\" class=\"wp-image-2499\" srcset=\"https:\/\/islamiilimler.org.tr\/wp-content\/uploads\/2024\/10\/Burs-Listesi-1024x724.jpg 1024w, https:\/\/islamiilimler.org.tr\/wp-content\/uploads\/2024\/10\/Burs-Listesi-300x212.jpg 300w, https:\/\/islamiilimler.org.tr\/wp-content\/uploads\/2024\/10\/Burs-Listesi-768x543.jpg 768w, https:\/\/islamiilimler.org.tr\/wp-content\/uploads\/2024\/10\/Burs-Listesi.jpg 1080w\" sizes=\"auto, (max-width: 1024px) 100vw, 1024px\" \/><\/figure>\n\n\n\n<p><\/p>\n","protected":false},"excerpt":{"rendered":"<p>Burs almaya hak kazanan \u00f6\u011frencilerin 1 Kas\u0131m 2024 Cuma g\u00fcn\u00fc mesai bitimine kadar \u0130ban Bilgilerini a\u015fa\u011f\u0131daki linkten doldurmalar\u0131 gerekmektedir. Aksi halde \u00f6\u011frenci hakk\u0131ndan feragat etmi\u015f say\u0131lacakt\u0131r.<\/p>\n","protected":false},"author":1,"featured_media":0,"parent":0,"menu_order":0,"comment_status":"closed","ping_status":"closed","template":"","meta":{"_starter_page_template":"","footnotes":""},"class_list":["post-2504","page","type-page","status-publish","hentry"],"yoast_head":"<!-- This site is optimized with the Yoast SEO plugin v27.6 - https:\/\/yoast.com\/product\/yoast-seo-wordpress\/ -->\n<title>2024-2025 E\u011fitim \u00d6\u011fretim Y\u0131l\u0131 Burs Almaya Hak Kazananlar Listesi - Giresun \u0130slami \u0130limler Vakf\u0131<\/title>\n<meta name=\"robots\" content=\"index, follow, max-snippet:-1, max-image-preview:large, max-video-preview:-1\" \/>\n<link rel=\"canonical\" href=\"https:\/\/islamiilimler.org.tr\/?page_id=2504\" \/>\n<meta property=\"og:locale\" content=\"tr_TR\" \/>\n<meta property=\"og:type\" content=\"article\" \/>\n<meta property=\"og:title\" content=\"2024-2025 E\u011fitim \u00d6\u011fretim Y\u0131l\u0131 Burs Almaya Hak Kazananlar Listesi - Giresun \u0130slami \u0130limler Vakf\u0131\" \/>\n<meta property=\"og:description\" content=\"Burs almaya hak kazanan \u00f6\u011frencilerin 1 Kas\u0131m 2024 Cuma g\u00fcn\u00fc mesai bitimine kadar \u0130ban Bilgilerini a\u015fa\u011f\u0131daki linkten doldurmalar\u0131 gerekmektedir. Aksi halde \u00f6\u011frenci hakk\u0131ndan feragat etmi\u015f say\u0131lacakt\u0131r.\" \/>\n<meta property=\"og:url\" content=\"https:\/\/islamiilimler.org.tr\/?page_id=2504\" \/>\n<meta property=\"og:site_name\" content=\"Giresun \u0130slami \u0130limler Vakf\u0131\" \/>\n<meta property=\"article:modified_time\" content=\"2024-10-25T12:32:14+00:00\" \/>\n<meta property=\"og:image\" content=\"https:\/\/islamiilimler.org.tr\/wp-content\/uploads\/2024\/10\/Burs-Listesi.jpg\" \/>\n\t<meta property=\"og:image:width\" content=\"1080\" \/>\n\t<meta property=\"og:image:height\" content=\"764\" \/>\n\t<meta property=\"og:image:type\" content=\"image\/jpeg\" \/>\n<meta name=\"twitter:card\" content=\"summary_large_image\" \/>\n<meta name=\"twitter:label1\" content=\"Tahmini okuma s\u00fcresi\" \/>\n\t<meta name=\"twitter:data1\" content=\"1 dakika\" \/>\n<script type=\"application\/ld+json\" class=\"yoast-schema-graph\">{\"@context\":\"https:\\\/\\\/schema.org\",\"@graph\":[{\"@type\":\"WebPage\",\"@id\":\"https:\\\/\\\/islamiilimler.org.tr\\\/?page_id=2504\",\"url\":\"https:\\\/\\\/islamiilimler.org.tr\\\/?page_id=2504\",\"name\":\"2024-2025 E\u011fitim \u00d6\u011fretim Y\u0131l\u0131 Burs Almaya Hak Kazananlar Listesi - Giresun \u0130slami \u0130limler Vakf\u0131\",\"isPartOf\":{\"@id\":\"https:\\\/\\\/islamiilimler.org.tr\\\/#website\"},\"primaryImageOfPage\":{\"@id\":\"https:\\\/\\\/islamiilimler.org.tr\\\/?page_id=2504#primaryimage\"},\"image\":{\"@id\":\"https:\\\/\\\/islamiilimler.org.tr\\\/?page_id=2504#primaryimage\"},\"thumbnailUrl\":\"https:\\\/\\\/islamiilimler.org.tr\\\/wp-content\\\/uploads\\\/2024\\\/10\\\/Burs-Listesi-1024x724.jpg\",\"datePublished\":\"2024-10-25T12:24:52+00:00\",\"dateModified\":\"2024-10-25T12:32:14+00:00\",\"breadcrumb\":{\"@id\":\"https:\\\/\\\/islamiilimler.org.tr\\\/?page_id=2504#breadcrumb\"},\"inLanguage\":\"tr\",\"potentialAction\":[{\"@type\":\"ReadAction\",\"target\":[\"https:\\\/\\\/islamiilimler.org.tr\\\/?page_id=2504\"]}]},{\"@type\":\"ImageObject\",\"inLanguage\":\"tr\",\"@id\":\"https:\\\/\\\/islamiilimler.org.tr\\\/?page_id=2504#primaryimage\",\"url\":\"https:\\\/\\\/islamiilimler.org.tr\\\/wp-content\\\/uploads\\\/2024\\\/10\\\/Burs-Listesi.jpg\",\"contentUrl\":\"https:\\\/\\\/islamiilimler.org.tr\\\/wp-content\\\/uploads\\\/2024\\\/10\\\/Burs-Listesi.jpg\",\"width\":1080,\"height\":764},{\"@type\":\"BreadcrumbList\",\"@id\":\"https:\\\/\\\/islamiilimler.org.tr\\\/?page_id=2504#breadcrumb\",\"itemListElement\":[{\"@type\":\"ListItem\",\"position\":1,\"name\":\"Anasayfa\",\"item\":\"https:\\\/\\\/islamiilimler.org.tr\\\/\"},{\"@type\":\"ListItem\",\"position\":2,\"name\":\"2024-2025 E\u011fitim \u00d6\u011fretim Y\u0131l\u0131 Burs Almaya Hak Kazananlar Listesi\"}]},{\"@type\":\"WebSite\",\"@id\":\"https:\\\/\\\/islamiilimler.org.tr\\\/#website\",\"url\":\"https:\\\/\\\/islamiilimler.org.tr\\\/\",\"name\":\"Giresun \u0130slami \u0130limler Vakf\u0131\",\"description\":\"Hac\u0131siyam Mahallesi Atat\u00fcrk Bulvar\u0131 Fatih Apartman\u0131 No 65\\\/2 Kat 1 Daire 2 Giresun \\\/ Merkez T\u00fcrkiye GSM 1: 0535 463 6904 GSM 2: 0505 581 3395\",\"publisher\":{\"@id\":\"https:\\\/\\\/islamiilimler.org.tr\\\/#organization\"},\"potentialAction\":[{\"@type\":\"SearchAction\",\"target\":{\"@type\":\"EntryPoint\",\"urlTemplate\":\"https:\\\/\\\/islamiilimler.org.tr\\\/?s={search_term_string}\"},\"query-input\":{\"@type\":\"PropertyValueSpecification\",\"valueRequired\":true,\"valueName\":\"search_term_string\"}}],\"inLanguage\":\"tr\"},{\"@type\":\"Organization\",\"@id\":\"https:\\\/\\\/islamiilimler.org.tr\\\/#organization\",\"name\":\"Giresun \u0130slami \u0130limler Vakf\u0131\",\"url\":\"https:\\\/\\\/islamiilimler.org.tr\\\/\",\"logo\":{\"@type\":\"ImageObject\",\"inLanguage\":\"tr\",\"@id\":\"https:\\\/\\\/islamiilimler.org.tr\\\/#\\\/schema\\\/logo\\\/image\\\/\",\"url\":\"https:\\\/\\\/islamiilimler.org.tr\\\/wp-content\\\/uploads\\\/2022\\\/09\\\/cropped-logo-1.png\",\"contentUrl\":\"https:\\\/\\\/islamiilimler.org.tr\\\/wp-content\\\/uploads\\\/2022\\\/09\\\/cropped-logo-1.png\",\"width\":1500,\"height\":1500,\"caption\":\"Giresun \u0130slami \u0130limler Vakf\u0131\"},\"image\":{\"@id\":\"https:\\\/\\\/islamiilimler.org.tr\\\/#\\\/schema\\\/logo\\\/image\\\/\"}}]}<\/script>\n<!-- \/ Yoast SEO plugin. -->","yoast_head_json":{"title":"2024-2025 E\u011fitim \u00d6\u011fretim Y\u0131l\u0131 Burs Almaya Hak Kazananlar Listesi - Giresun \u0130slami \u0130limler Vakf\u0131","robots":{"index":"index","follow":"follow","max-snippet":"max-snippet:-1","max-image-preview":"max-image-preview:large","max-video-preview":"max-video-preview:-1"},"canonical":"https:\/\/islamiilimler.org.tr\/?page_id=2504","og_locale":"tr_TR","og_type":"article","og_title":"2024-2025 E\u011fitim \u00d6\u011fretim Y\u0131l\u0131 Burs Almaya Hak Kazananlar Listesi - Giresun \u0130slami \u0130limler Vakf\u0131","og_description":"Burs almaya hak kazanan \u00f6\u011frencilerin 1 Kas\u0131m 2024 Cuma g\u00fcn\u00fc mesai bitimine kadar \u0130ban Bilgilerini a\u015fa\u011f\u0131daki linkten doldurmalar\u0131 gerekmektedir. Aksi halde \u00f6\u011frenci hakk\u0131ndan feragat etmi\u015f say\u0131lacakt\u0131r.","og_url":"https:\/\/islamiilimler.org.tr\/?page_id=2504","og_site_name":"Giresun \u0130slami \u0130limler Vakf\u0131","article_modified_time":"2024-10-25T12:32:14+00:00","og_image":[{"width":1080,"height":764,"url":"https:\/\/islamiilimler.org.tr\/wp-content\/uploads\/2024\/10\/Burs-Listesi.jpg","type":"image\/jpeg"}],"twitter_card":"summary_large_image","twitter_misc":{"Tahmini okuma s\u00fcresi":"1 dakika"},"schema":{"@context":"https:\/\/schema.org","@graph":[{"@type":"WebPage","@id":"https:\/\/islamiilimler.org.tr\/?page_id=2504","url":"https:\/\/islamiilimler.org.tr\/?page_id=2504","name":"2024-2025 E\u011fitim \u00d6\u011fretim Y\u0131l\u0131 Burs Almaya Hak Kazananlar Listesi - Giresun \u0130slami \u0130limler Vakf\u0131","isPartOf":{"@id":"https:\/\/islamiilimler.org.tr\/#website"},"primaryImageOfPage":{"@id":"https:\/\/islamiilimler.org.tr\/?page_id=2504#primaryimage"},"image":{"@id":"https:\/\/islamiilimler.org.tr\/?page_id=2504#primaryimage"},"thumbnailUrl":"https:\/\/islamiilimler.org.tr\/wp-content\/uploads\/2024\/10\/Burs-Listesi-1024x724.jpg","datePublished":"2024-10-25T12:24:52+00:00","dateModified":"2024-10-25T12:32:14+00:00","breadcrumb":{"@id":"https:\/\/islamiilimler.org.tr\/?page_id=2504#breadcrumb"},"inLanguage":"tr","potentialAction":[{"@type":"ReadAction","target":["https:\/\/islamiilimler.org.tr\/?page_id=2504"]}]},{"@type":"ImageObject","inLanguage":"tr","@id":"https:\/\/islamiilimler.org.tr\/?page_id=2504#primaryimage","url":"https:\/\/islamiilimler.org.tr\/wp-content\/uploads\/2024\/10\/Burs-Listesi.jpg","contentUrl":"https:\/\/islamiilimler.org.tr\/wp-content\/uploads\/2024\/10\/Burs-Listesi.jpg","width":1080,"height":764},{"@type":"BreadcrumbList","@id":"https:\/\/islamiilimler.org.tr\/?page_id=2504#breadcrumb","itemListElement":[{"@type":"ListItem","position":1,"name":"Anasayfa","item":"https:\/\/islamiilimler.org.tr\/"},{"@type":"ListItem","position":2,"name":"2024-2025 E\u011fitim \u00d6\u011fretim Y\u0131l\u0131 Burs Almaya Hak Kazananlar Listesi"}]},{"@type":"WebSite","@id":"https:\/\/islamiilimler.org.tr\/#website","url":"https:\/\/islamiilimler.org.tr\/","name":"Giresun \u0130slami \u0130limler Vakf\u0131","description":"Hac\u0131siyam Mahallesi Atat\u00fcrk Bulvar\u0131 Fatih Apartman\u0131 No 65\/2 Kat 1 Daire 2 Giresun \/ Merkez T\u00fcrkiye GSM 1: 0535 463 6904 GSM 2: 0505 581 3395","publisher":{"@id":"https:\/\/islamiilimler.org.tr\/#organization"},"potentialAction":[{"@type":"SearchAction","target":{"@type":"EntryPoint","urlTemplate":"https:\/\/islamiilimler.org.tr\/?s={search_term_string}"},"query-input":{"@type":"PropertyValueSpecification","valueRequired":true,"valueName":"search_term_string"}}],"inLanguage":"tr"},{"@type":"Organization","@id":"https:\/\/islamiilimler.org.tr\/#organization","name":"Giresun \u0130slami \u0130limler Vakf\u0131","url":"https:\/\/islamiilimler.org.tr\/","logo":{"@type":"ImageObject","inLanguage":"tr","@id":"https:\/\/islamiilimler.org.tr\/#\/schema\/logo\/image\/","url":"https:\/\/islamiilimler.org.tr\/wp-content\/uploads\/2022\/09\/cropped-logo-1.png","contentUrl":"https:\/\/islamiilimler.org.tr\/wp-content\/uploads\/2022\/09\/cropped-logo-1.png","width":1500,"height":1500,"caption":"Giresun \u0130slami \u0130limler Vakf\u0131"},"image":{"@id":"https:\/\/islamiilimler.org.tr\/#\/schema\/logo\/image\/"}}]}},"_links":{"self":[{"href":"https:\/\/islamiilimler.org.tr\/index.php?rest_route=\/wp\/v2\/pages\/2504","targetHints":{"allow":["GET"]}}],"collection":[{"href":"https:\/\/islamiilimler.org.tr\/index.php?rest_route=\/wp\/v2\/pages"}],"about":[{"href":"https:\/\/islamiilimler.org.tr\/index.php?rest_route=\/wp\/v2\/types\/page"}],"author":[{"embeddable":true,"href":"https:\/\/islamiilimler.org.tr\/index.php?rest_route=\/wp\/v2\/users\/1"}],"replies":[{"embeddable":true,"href":"https:\/\/islamiilimler.org.tr\/index.php?rest_route=%2Fwp%2Fv2%2Fcomments&post=2504"}],"version-history":[{"count":2,"href":"https:\/\/islamiilimler.org.tr\/index.php?rest_route=\/wp\/v2\/pages\/2504\/revisions"}],"predecessor-version":[{"id":2513,"href":"https:\/\/islamiilimler.org.tr\/index.php?rest_route=\/wp\/v2\/pages\/2504\/revisions\/2513"}],"wp:attachment":[{"href":"https:\/\/islamiilimler.org.tr\/index.php?rest_route=%2Fwp%2Fv2%2Fmedia&parent=2504"}],"curies":[{"name":"wp","href":"https:\/\/api.w.org\/{rel}","templated":true}]}}