{"id":1342,"date":"2022-05-11T03:45:13","date_gmt":"2022-05-11T00:45:13","guid":{"rendered":"https:\/\/islamiilimler.org.tr\/?page_id=1342"},"modified":"2022-05-11T04:02:46","modified_gmt":"2022-05-11T01:02:46","slug":"islami-ilimler-vakfi-2021-kultur-ve-medeniyet-kampi-konulu-gorsel-yarismasi-sonuclari-aciklandi","status":"publish","type":"page","link":"https:\/\/islamiilimler.org.tr\/?page_id=1342","title":{"rendered":"\u0130slami \u0130limler Vakf\u0131 2021 &#8220;K\u00dcLT\u00dcR VE MEDEN\u0130YET KAMPI&#8221; Konulu G\u00f6rsel Yar\u0131\u015fmas\u0131 Sonu\u00e7lar\u0131 A\u00e7\u0131kland\u0131&#8230;"},"content":{"rendered":"\n<div style=\"height:45px\" aria-hidden=\"true\" class=\"wp-block-spacer\"><\/div>\n\n\n\n<p class=\"has-text-align-center\">Giresun \u0130slami \u0130limler Vakf\u0131m\u0131z\u0131n Aral\u0131k 2021 tarihinde d\u00fczenlemi\u015f oldu\u011fu k\u0131z \u00f6\u011frencilerimize \u00f6zel \u0130stanbul K\u00fclt\u00fcr ve Medeniyet Kamp\u0131n\u0131n akabinde d\u00fczenledi\u011fimiz &#8220;Kamp Konulu G\u00f6rsel&#8221; yar\u0131\u015fmas\u0131n\u0131n kazananlar\u0131 belli oldu. <\/p>\n\n\n\n<p class=\"has-text-align-center\">\u0130\u015fte Vak\u0131f Y\u00f6netim Kurulumuzun jurili\u011fi ile dereceye giren ilk 3 \u00f6\u011frencimiz:<\/p>\n\n\n\n<div style=\"height:30px\" aria-hidden=\"true\" class=\"wp-block-spacer\"><\/div>\n\n\n\n<h2 class=\"has-text-align-center wp-block-heading\">3. Hilal Pirdal<\/h2>\n\n\n\n<div style=\"height:30px\" aria-hidden=\"true\" class=\"wp-block-spacer\"><\/div>\n\n\n\n<div class=\"wp-block-media-text alignwide is-stacked-on-mobile\"><figure class=\"wp-block-media-text__media\"><img loading=\"lazy\" decoding=\"async\" width=\"144\" height=\"256\" src=\"https:\/\/islamiilimler.org.tr\/wp-content\/uploads\/2022\/05\/WhatsApp-Video-2022-05-06-at-07.23.35.gif\" alt=\"\" class=\"wp-image-1339 size-full\"\/><\/figure><div class=\"wp-block-media-text__content\">\n<div style=\"height:30px\" aria-hidden=\"true\" class=\"wp-block-spacer\"><\/div>\n\n\n\n<figure class=\"wp-block-embed aligncenter is-type-video is-provider-youtube wp-block-embed-youtube wp-embed-aspect-4-3 wp-has-aspect-ratio\"><div class=\"wp-block-embed__wrapper\">\n<iframe loading=\"lazy\" title=\"Kamp Video 2\" width=\"500\" height=\"375\" src=\"https:\/\/www.youtube.com\/embed\/Hsp8pXKzD1E?feature=oembed\" frameborder=\"0\" allow=\"accelerometer; autoplay; clipboard-write; encrypted-media; gyroscope; picture-in-picture; web-share\" referrerpolicy=\"strict-origin-when-cross-origin\" allowfullscreen><\/iframe>\n<\/div><figcaption>3. Olan \u00f6\u011frencimiz Hilal Pirdal&#8217;\u0131n haz\u0131rlam\u0131\u015f oldu\u011fu g\u00f6rsel klip<\/figcaption><\/figure>\n<\/div><\/div>\n\n\n\n<div style=\"height:27px\" aria-hidden=\"true\" class=\"wp-block-spacer\"><\/div>\n\n\n\n<h2 class=\"has-text-align-center wp-block-heading\">2. Susin P\u00fctr\u00fc<\/h2>\n\n\n\n<div style=\"height:30px\" aria-hidden=\"true\" class=\"wp-block-spacer\"><\/div>\n\n\n\n<div class=\"wp-block-media-text alignwide has-media-on-the-right is-stacked-on-mobile\"><figure class=\"wp-block-media-text__media\"><img loading=\"lazy\" decoding=\"async\" width=\"768\" height=\"1024\" src=\"https:\/\/islamiilimler.org.tr\/wp-content\/uploads\/2022\/05\/WhatsApp-Image-2022-05-06-at-07.22.24.jpeg\" alt=\"\" class=\"wp-image-1335 size-full\" srcset=\"https:\/\/islamiilimler.org.tr\/wp-content\/uploads\/2022\/05\/WhatsApp-Image-2022-05-06-at-07.22.24.jpeg 768w, https:\/\/islamiilimler.org.tr\/wp-content\/uploads\/2022\/05\/WhatsApp-Image-2022-05-06-at-07.22.24-225x300.jpeg 225w, https:\/\/islamiilimler.org.tr\/wp-content\/uploads\/2022\/05\/WhatsApp-Image-2022-05-06-at-07.22.24-600x800.jpeg 600w, https:\/\/islamiilimler.org.tr\/wp-content\/uploads\/2022\/05\/WhatsApp-Image-2022-05-06-at-07.22.24-300x400.jpeg 300w, https:\/\/islamiilimler.org.tr\/wp-content\/uploads\/2022\/05\/WhatsApp-Image-2022-05-06-at-07.22.24-150x200.jpeg 150w\" sizes=\"auto, (max-width: 768px) 100vw, 768px\" \/><\/figure><div class=\"wp-block-media-text__content\">\n<p class=\"has-large-font-size\"><\/p>\n<\/div><\/div>\n\n\n\n<div style=\"height:27px\" aria-hidden=\"true\" class=\"wp-block-spacer\"><\/div>\n\n\n\n<h2 class=\"has-text-align-center wp-block-heading\">1. Ay\u015fe Nur Kaya<\/h2>\n\n\n\n<div style=\"height:30px\" aria-hidden=\"true\" class=\"wp-block-spacer\"><\/div>\n\n\n\n<div class=\"wp-block-media-text alignwide is-stacked-on-mobile\" style=\"grid-template-columns:49% auto\"><figure class=\"wp-block-media-text__media\"><img loading=\"lazy\" decoding=\"async\" width=\"240\" height=\"426\" src=\"https:\/\/islamiilimler.org.tr\/wp-content\/uploads\/2022\/05\/WhatsApp-Video-2022-05-06-at-07.21.39-3.gif\" alt=\"\" class=\"wp-image-1336 size-full\"\/><\/figure><div class=\"wp-block-media-text__content\">\n<div style=\"height:30px\" aria-hidden=\"true\" class=\"wp-block-spacer\"><\/div>\n\n\n\n<figure class=\"wp-block-embed aligncenter is-type-video is-provider-youtube wp-block-embed-youtube wp-embed-aspect-4-3 wp-has-aspect-ratio\"><div class=\"wp-block-embed__wrapper\">\n<iframe loading=\"lazy\" title=\"KAMP V\u0130DEO 1\" width=\"500\" height=\"375\" src=\"https:\/\/www.youtube.com\/embed\/AmJ7sQ26jD8?feature=oembed\" frameborder=\"0\" allow=\"accelerometer; autoplay; clipboard-write; encrypted-media; gyroscope; picture-in-picture; web-share\" referrerpolicy=\"strict-origin-when-cross-origin\" allowfullscreen><\/iframe>\n<\/div><figcaption>1. Olan \u00f6\u011frencimiz Ay\u015fe Nur Kaya&#8217;n\u0131n haz\u0131rlam\u0131\u015f oldu\u011fu g\u00f6rsel klip<\/figcaption><\/figure>\n<\/div><\/div>\n\n\n\n<div style=\"height:30px\" aria-hidden=\"true\" class=\"wp-block-spacer\"><\/div>\n\n\n\n<p>Yar\u0131\u015fmada dereceye giren \u00f6\u011frencilerimizi tebrik ederiz. \u00d6d\u00fcllerinizi almak i\u00e7in Vakf\u0131m\u0131z\u0131n Y\u00f6netim Kurulu Ba\u015fkan\u0131 Kamil Ruhi Albayrak hocam\u0131z ile irtibata ge\u00e7ebilirsiniz.<\/p>\n\n\n\n<hr class=\"wp-block-separator\"\/>\n","protected":false},"excerpt":{"rendered":"<p>Giresun \u0130slami \u0130limler Vakf\u0131m\u0131z\u0131n Aral\u0131k 2021 tarihinde d\u00fczenlemi\u015f oldu\u011fu k\u0131z \u00f6\u011frencilerimize \u00f6zel \u0130stanbul K\u00fclt\u00fcr ve Medeniyet Kamp\u0131n\u0131n akabinde d\u00fczenledi\u011fimiz &#8220;Kamp Konulu G\u00f6rsel&#8221; yar\u0131\u015fmas\u0131n\u0131n kazananlar\u0131 belli oldu. \u0130\u015fte Vak\u0131f Y\u00f6netim Kurulumuzun jurili\u011fi ile dereceye giren ilk 3 \u00f6\u011frencimiz: 3. Hilal Pirdal 2. Susin P\u00fctr\u00fc 1. Ay\u015fe Nur Kaya Yar\u0131\u015fmada dereceye giren \u00f6\u011frencilerimizi tebrik ederiz. \u00d6d\u00fcllerinizi almak [&hellip;]<\/p>\n","protected":false},"author":1,"featured_media":0,"parent":0,"menu_order":0,"comment_status":"closed","ping_status":"closed","template":"","meta":{"_starter_page_template":"team","footnotes":""},"class_list":["post-1342","page","type-page","status-publish","hentry"],"yoast_head":"<!-- This site is optimized with the Yoast SEO plugin v27.6 - https:\/\/yoast.com\/product\/yoast-seo-wordpress\/ -->\n<title>\u0130slami \u0130limler Vakf\u0131 2021 &quot;K\u00dcLT\u00dcR VE MEDEN\u0130YET KAMPI&quot; Konulu G\u00f6rsel Yar\u0131\u015fmas\u0131 Sonu\u00e7lar\u0131 A\u00e7\u0131kland\u0131... - Giresun \u0130slami \u0130limler Vakf\u0131<\/title>\n<meta name=\"robots\" content=\"index, follow, max-snippet:-1, max-image-preview:large, max-video-preview:-1\" \/>\n<link rel=\"canonical\" href=\"https:\/\/islamiilimler.org.tr\/?page_id=1342\" \/>\n<meta property=\"og:locale\" content=\"tr_TR\" \/>\n<meta property=\"og:type\" content=\"article\" \/>\n<meta property=\"og:title\" content=\"\u0130slami \u0130limler Vakf\u0131 2021 &quot;K\u00dcLT\u00dcR VE MEDEN\u0130YET KAMPI&quot; Konulu G\u00f6rsel Yar\u0131\u015fmas\u0131 Sonu\u00e7lar\u0131 A\u00e7\u0131kland\u0131... - Giresun \u0130slami \u0130limler Vakf\u0131\" \/>\n<meta property=\"og:description\" content=\"Giresun \u0130slami \u0130limler Vakf\u0131m\u0131z\u0131n Aral\u0131k 2021 tarihinde d\u00fczenlemi\u015f oldu\u011fu k\u0131z \u00f6\u011frencilerimize \u00f6zel \u0130stanbul K\u00fclt\u00fcr ve Medeniyet Kamp\u0131n\u0131n akabinde d\u00fczenledi\u011fimiz &#8220;Kamp Konulu G\u00f6rsel&#8221; yar\u0131\u015fmas\u0131n\u0131n kazananlar\u0131 belli oldu. \u0130\u015fte Vak\u0131f Y\u00f6netim Kurulumuzun jurili\u011fi ile dereceye giren ilk 3 \u00f6\u011frencimiz: 3. Hilal Pirdal 2. Susin P\u00fctr\u00fc 1. Ay\u015fe Nur Kaya Yar\u0131\u015fmada dereceye giren \u00f6\u011frencilerimizi tebrik ederiz. \u00d6d\u00fcllerinizi almak [&hellip;]\" \/>\n<meta property=\"og:url\" content=\"https:\/\/islamiilimler.org.tr\/?page_id=1342\" \/>\n<meta property=\"og:site_name\" content=\"Giresun \u0130slami \u0130limler Vakf\u0131\" \/>\n<meta property=\"article:modified_time\" content=\"2022-05-11T01:02:46+00:00\" \/>\n<meta property=\"og:image\" content=\"https:\/\/islamiilimler.org.tr\/wp-content\/uploads\/2022\/05\/WhatsApp-Video-2022-05-06-at-07.23.35.gif\" \/>\n<meta name=\"twitter:card\" content=\"summary_large_image\" \/>\n<meta name=\"twitter:label1\" content=\"Tahmini okuma s\u00fcresi\" \/>\n\t<meta name=\"twitter:data1\" content=\"2 dakika\" \/>\n<script type=\"application\/ld+json\" class=\"yoast-schema-graph\">{\"@context\":\"https:\\\/\\\/schema.org\",\"@graph\":[{\"@type\":\"WebPage\",\"@id\":\"https:\\\/\\\/islamiilimler.org.tr\\\/?page_id=1342\",\"url\":\"https:\\\/\\\/islamiilimler.org.tr\\\/?page_id=1342\",\"name\":\"\u0130slami \u0130limler Vakf\u0131 2021 \\\"K\u00dcLT\u00dcR VE MEDEN\u0130YET KAMPI\\\" Konulu G\u00f6rsel Yar\u0131\u015fmas\u0131 Sonu\u00e7lar\u0131 A\u00e7\u0131kland\u0131... - Giresun \u0130slami \u0130limler Vakf\u0131\",\"isPartOf\":{\"@id\":\"https:\\\/\\\/islamiilimler.org.tr\\\/#website\"},\"primaryImageOfPage\":{\"@id\":\"https:\\\/\\\/islamiilimler.org.tr\\\/?page_id=1342#primaryimage\"},\"image\":{\"@id\":\"https:\\\/\\\/islamiilimler.org.tr\\\/?page_id=1342#primaryimage\"},\"thumbnailUrl\":\"https:\\\/\\\/islamiilimler.org.tr\\\/wp-content\\\/uploads\\\/2022\\\/05\\\/WhatsApp-Video-2022-05-06-at-07.23.35.gif\",\"datePublished\":\"2022-05-11T00:45:13+00:00\",\"dateModified\":\"2022-05-11T01:02:46+00:00\",\"breadcrumb\":{\"@id\":\"https:\\\/\\\/islamiilimler.org.tr\\\/?page_id=1342#breadcrumb\"},\"inLanguage\":\"tr\",\"potentialAction\":[{\"@type\":\"ReadAction\",\"target\":[\"https:\\\/\\\/islamiilimler.org.tr\\\/?page_id=1342\"]}]},{\"@type\":\"ImageObject\",\"inLanguage\":\"tr\",\"@id\":\"https:\\\/\\\/islamiilimler.org.tr\\\/?page_id=1342#primaryimage\",\"url\":\"https:\\\/\\\/islamiilimler.org.tr\\\/wp-content\\\/uploads\\\/2022\\\/05\\\/WhatsApp-Video-2022-05-06-at-07.23.35.gif\",\"contentUrl\":\"https:\\\/\\\/islamiilimler.org.tr\\\/wp-content\\\/uploads\\\/2022\\\/05\\\/WhatsApp-Video-2022-05-06-at-07.23.35.gif\",\"width\":144,\"height\":256},{\"@type\":\"BreadcrumbList\",\"@id\":\"https:\\\/\\\/islamiilimler.org.tr\\\/?page_id=1342#breadcrumb\",\"itemListElement\":[{\"@type\":\"ListItem\",\"position\":1,\"name\":\"Anasayfa\",\"item\":\"https:\\\/\\\/islamiilimler.org.tr\\\/\"},{\"@type\":\"ListItem\",\"position\":2,\"name\":\"\u0130slami \u0130limler Vakf\u0131 2021 &#8220;K\u00dcLT\u00dcR VE MEDEN\u0130YET KAMPI&#8221; Konulu G\u00f6rsel Yar\u0131\u015fmas\u0131 Sonu\u00e7lar\u0131 A\u00e7\u0131kland\u0131&#8230;\"}]},{\"@type\":\"WebSite\",\"@id\":\"https:\\\/\\\/islamiilimler.org.tr\\\/#website\",\"url\":\"https:\\\/\\\/islamiilimler.org.tr\\\/\",\"name\":\"Giresun \u0130slami \u0130limler Vakf\u0131\",\"description\":\"Hac\u0131siyam Mahallesi Atat\u00fcrk Bulvar\u0131 Fatih Apartman\u0131 No 65\\\/2 Kat 1 Daire 2 Giresun \\\/ Merkez T\u00fcrkiye GSM 1: 0535 463 6904 GSM 2: 0505 581 3395\",\"publisher\":{\"@id\":\"https:\\\/\\\/islamiilimler.org.tr\\\/#organization\"},\"potentialAction\":[{\"@type\":\"SearchAction\",\"target\":{\"@type\":\"EntryPoint\",\"urlTemplate\":\"https:\\\/\\\/islamiilimler.org.tr\\\/?s={search_term_string}\"},\"query-input\":{\"@type\":\"PropertyValueSpecification\",\"valueRequired\":true,\"valueName\":\"search_term_string\"}}],\"inLanguage\":\"tr\"},{\"@type\":\"Organization\",\"@id\":\"https:\\\/\\\/islamiilimler.org.tr\\\/#organization\",\"name\":\"Giresun \u0130slami \u0130limler Vakf\u0131\",\"url\":\"https:\\\/\\\/islamiilimler.org.tr\\\/\",\"logo\":{\"@type\":\"ImageObject\",\"inLanguage\":\"tr\",\"@id\":\"https:\\\/\\\/islamiilimler.org.tr\\\/#\\\/schema\\\/logo\\\/image\\\/\",\"url\":\"https:\\\/\\\/islamiilimler.org.tr\\\/wp-content\\\/uploads\\\/2022\\\/09\\\/cropped-logo-1.png\",\"contentUrl\":\"https:\\\/\\\/islamiilimler.org.tr\\\/wp-content\\\/uploads\\\/2022\\\/09\\\/cropped-logo-1.png\",\"width\":1500,\"height\":1500,\"caption\":\"Giresun \u0130slami \u0130limler Vakf\u0131\"},\"image\":{\"@id\":\"https:\\\/\\\/islamiilimler.org.tr\\\/#\\\/schema\\\/logo\\\/image\\\/\"}}]}<\/script>\n<!-- \/ Yoast SEO plugin. -->","yoast_head_json":{"title":"\u0130slami \u0130limler Vakf\u0131 2021 \"K\u00dcLT\u00dcR VE MEDEN\u0130YET KAMPI\" Konulu G\u00f6rsel Yar\u0131\u015fmas\u0131 Sonu\u00e7lar\u0131 A\u00e7\u0131kland\u0131... - Giresun \u0130slami \u0130limler Vakf\u0131","robots":{"index":"index","follow":"follow","max-snippet":"max-snippet:-1","max-image-preview":"max-image-preview:large","max-video-preview":"max-video-preview:-1"},"canonical":"https:\/\/islamiilimler.org.tr\/?page_id=1342","og_locale":"tr_TR","og_type":"article","og_title":"\u0130slami \u0130limler Vakf\u0131 2021 \"K\u00dcLT\u00dcR VE MEDEN\u0130YET KAMPI\" Konulu G\u00f6rsel Yar\u0131\u015fmas\u0131 Sonu\u00e7lar\u0131 A\u00e7\u0131kland\u0131... - Giresun \u0130slami \u0130limler Vakf\u0131","og_description":"Giresun \u0130slami \u0130limler Vakf\u0131m\u0131z\u0131n Aral\u0131k 2021 tarihinde d\u00fczenlemi\u015f oldu\u011fu k\u0131z \u00f6\u011frencilerimize \u00f6zel \u0130stanbul K\u00fclt\u00fcr ve Medeniyet Kamp\u0131n\u0131n akabinde d\u00fczenledi\u011fimiz &#8220;Kamp Konulu G\u00f6rsel&#8221; yar\u0131\u015fmas\u0131n\u0131n kazananlar\u0131 belli oldu. \u0130\u015fte Vak\u0131f Y\u00f6netim Kurulumuzun jurili\u011fi ile dereceye giren ilk 3 \u00f6\u011frencimiz: 3. Hilal Pirdal 2. Susin P\u00fctr\u00fc 1. Ay\u015fe Nur Kaya Yar\u0131\u015fmada dereceye giren \u00f6\u011frencilerimizi tebrik ederiz. \u00d6d\u00fcllerinizi almak [&hellip;]","og_url":"https:\/\/islamiilimler.org.tr\/?page_id=1342","og_site_name":"Giresun \u0130slami \u0130limler Vakf\u0131","article_modified_time":"2022-05-11T01:02:46+00:00","og_image":[{"url":"https:\/\/islamiilimler.org.tr\/wp-content\/uploads\/2022\/05\/WhatsApp-Video-2022-05-06-at-07.23.35.gif","type":"","width":"","height":""}],"twitter_card":"summary_large_image","twitter_misc":{"Tahmini okuma s\u00fcresi":"2 dakika"},"schema":{"@context":"https:\/\/schema.org","@graph":[{"@type":"WebPage","@id":"https:\/\/islamiilimler.org.tr\/?page_id=1342","url":"https:\/\/islamiilimler.org.tr\/?page_id=1342","name":"\u0130slami \u0130limler Vakf\u0131 2021 \"K\u00dcLT\u00dcR VE MEDEN\u0130YET KAMPI\" Konulu G\u00f6rsel Yar\u0131\u015fmas\u0131 Sonu\u00e7lar\u0131 A\u00e7\u0131kland\u0131... - Giresun \u0130slami \u0130limler Vakf\u0131","isPartOf":{"@id":"https:\/\/islamiilimler.org.tr\/#website"},"primaryImageOfPage":{"@id":"https:\/\/islamiilimler.org.tr\/?page_id=1342#primaryimage"},"image":{"@id":"https:\/\/islamiilimler.org.tr\/?page_id=1342#primaryimage"},"thumbnailUrl":"https:\/\/islamiilimler.org.tr\/wp-content\/uploads\/2022\/05\/WhatsApp-Video-2022-05-06-at-07.23.35.gif","datePublished":"2022-05-11T00:45:13+00:00","dateModified":"2022-05-11T01:02:46+00:00","breadcrumb":{"@id":"https:\/\/islamiilimler.org.tr\/?page_id=1342#breadcrumb"},"inLanguage":"tr","potentialAction":[{"@type":"ReadAction","target":["https:\/\/islamiilimler.org.tr\/?page_id=1342"]}]},{"@type":"ImageObject","inLanguage":"tr","@id":"https:\/\/islamiilimler.org.tr\/?page_id=1342#primaryimage","url":"https:\/\/islamiilimler.org.tr\/wp-content\/uploads\/2022\/05\/WhatsApp-Video-2022-05-06-at-07.23.35.gif","contentUrl":"https:\/\/islamiilimler.org.tr\/wp-content\/uploads\/2022\/05\/WhatsApp-Video-2022-05-06-at-07.23.35.gif","width":144,"height":256},{"@type":"BreadcrumbList","@id":"https:\/\/islamiilimler.org.tr\/?page_id=1342#breadcrumb","itemListElement":[{"@type":"ListItem","position":1,"name":"Anasayfa","item":"https:\/\/islamiilimler.org.tr\/"},{"@type":"ListItem","position":2,"name":"\u0130slami \u0130limler Vakf\u0131 2021 &#8220;K\u00dcLT\u00dcR VE MEDEN\u0130YET KAMPI&#8221; Konulu G\u00f6rsel Yar\u0131\u015fmas\u0131 Sonu\u00e7lar\u0131 A\u00e7\u0131kland\u0131&#8230;"}]},{"@type":"WebSite","@id":"https:\/\/islamiilimler.org.tr\/#website","url":"https:\/\/islamiilimler.org.tr\/","name":"Giresun \u0130slami \u0130limler Vakf\u0131","description":"Hac\u0131siyam Mahallesi Atat\u00fcrk Bulvar\u0131 Fatih Apartman\u0131 No 65\/2 Kat 1 Daire 2 Giresun \/ Merkez T\u00fcrkiye GSM 1: 0535 463 6904 GSM 2: 0505 581 3395","publisher":{"@id":"https:\/\/islamiilimler.org.tr\/#organization"},"potentialAction":[{"@type":"SearchAction","target":{"@type":"EntryPoint","urlTemplate":"https:\/\/islamiilimler.org.tr\/?s={search_term_string}"},"query-input":{"@type":"PropertyValueSpecification","valueRequired":true,"valueName":"search_term_string"}}],"inLanguage":"tr"},{"@type":"Organization","@id":"https:\/\/islamiilimler.org.tr\/#organization","name":"Giresun \u0130slami \u0130limler Vakf\u0131","url":"https:\/\/islamiilimler.org.tr\/","logo":{"@type":"ImageObject","inLanguage":"tr","@id":"https:\/\/islamiilimler.org.tr\/#\/schema\/logo\/image\/","url":"https:\/\/islamiilimler.org.tr\/wp-content\/uploads\/2022\/09\/cropped-logo-1.png","contentUrl":"https:\/\/islamiilimler.org.tr\/wp-content\/uploads\/2022\/09\/cropped-logo-1.png","width":1500,"height":1500,"caption":"Giresun \u0130slami \u0130limler Vakf\u0131"},"image":{"@id":"https:\/\/islamiilimler.org.tr\/#\/schema\/logo\/image\/"}}]}},"_links":{"self":[{"href":"https:\/\/islamiilimler.org.tr\/index.php?rest_route=\/wp\/v2\/pages\/1342","targetHints":{"allow":["GET"]}}],"collection":[{"href":"https:\/\/islamiilimler.org.tr\/index.php?rest_route=\/wp\/v2\/pages"}],"about":[{"href":"https:\/\/islamiilimler.org.tr\/index.php?rest_route=\/wp\/v2\/types\/page"}],"author":[{"embeddable":true,"href":"https:\/\/islamiilimler.org.tr\/index.php?rest_route=\/wp\/v2\/users\/1"}],"replies":[{"embeddable":true,"href":"https:\/\/islamiilimler.org.tr\/index.php?rest_route=%2Fwp%2Fv2%2Fcomments&post=1342"}],"version-history":[{"count":13,"href":"https:\/\/islamiilimler.org.tr\/index.php?rest_route=\/wp\/v2\/pages\/1342\/revisions"}],"predecessor-version":[{"id":1370,"href":"https:\/\/islamiilimler.org.tr\/index.php?rest_route=\/wp\/v2\/pages\/1342\/revisions\/1370"}],"wp:attachment":[{"href":"https:\/\/islamiilimler.org.tr\/index.php?rest_route=%2Fwp%2Fv2%2Fmedia&parent=1342"}],"curies":[{"name":"wp","href":"https:\/\/api.w.org\/{rel}","templated":true}]}}