{"id":1237,"date":"2021-11-08T10:49:41","date_gmt":"2021-11-08T07:49:41","guid":{"rendered":"https:\/\/islamiilimler.org.tr\/?page_id=1237"},"modified":"2021-11-08T15:00:52","modified_gmt":"2021-11-08T12:00:52","slug":"burs-sonuclari-2","status":"publish","type":"page","link":"https:\/\/islamiilimler.org.tr\/?page_id=1237","title":{"rendered":"Burs Sonu\u00e7lar\u0131"},"content":{"rendered":"\n<p class=\"has-large-font-size\"><strong><span style=\"color:#2b1819\" class=\"has-inline-color\">Giresun \u0130slami \u0130limler Vakf\u0131 Burs Sonu\u00e7lar\u0131 A\u00e7\u0131kland\u0131!<\/span><\/strong><\/p>\n\n\n\n<p><span class=\"has-inline-color has-colibri-color-6-color\">Burs almaya hak kazanan \u00f6\u011frencilerimizin<strong> 12\/11\/2021 Cuma <\/strong>g\u00fcn\u00fcne kadar<em> <\/em>a\u015fa\u011f\u0131daki linkten IBAN numaralar\u0131n\u0131 g\u00f6ndermeleri gerekmektedir. Aksi halde burs haklar\u0131n\u0131 kaybetmi\u015f olup, ge\u00e7erli burs haklar\u0131 yedek listedeki \u00f6\u011frenci arkada\u015flara aktar\u0131lacakt\u0131r.<\/span><\/p>\n\n\n\n<p><span class=\"has-inline-color has-colibri-color-6-color\">Ayr\u0131ca bursa hak kazanan \u00f6\u011frencilerin gerekli evraklar\u0131n imzalanmas\u0131 hususunda vak\u0131f g\u00f6revlimiz <strong>Seyfullah KARA<\/strong>&#8216;y\u0131 ziyaret etmeleri rica olunur.<\/span><\/p>\n\n\n\n<div class=\"wp-block-columns is-layout-flex wp-container-core-columns-is-layout-9d6595d7 wp-block-columns-is-layout-flex\">\n<div class=\"wp-block-column is-layout-flow wp-block-column-is-layout-flow\">\n<p class=\"has-medium-font-size\"><strong>AS\u0130L L\u0130STE<\/strong><\/p>\n\n\n\n<p>1 Ahmet Furkan Mayam<br>2 Asya K\u0131d\u0131r<br>3 Bahar G\u00fcne\u015f<br>4 Beyzanur Yavuz<br>5 B\u00fc\u015fra Kevser Yolcu<br>6 Ceren Sezgin<br>7 Dilek Ata\u015f<br>8 Duygu G\u00fcndo\u011fmu\u015f<br>9 Edanur Karal\u0131<br>10 Elvan Erdem<br>11 Emine D\u00fczce<br>12 Esmanur Kakut<br>13 Esra Sevin\u00e7<br>14 Fikriye Zehra Ata<br>15 G\u00fclserin Hilal G\u00fcl<br>16 G\u00fcne\u015f \u00d6zyolcu<br>17 Hakan Baca<br>18 Haticenur Art\u0131r<br>19 H\u00fclya Y\u0131lmaz<br>20 \u0130brahim Bozkaya<br>21 \u0130brahim Battal<br>22 Merve Seyis<br>23 Mizgin Kaya<br>24 Muhammed Zahid Akyol<br>25 Musa Kocaman<br>26 Mustafa Bekta\u015f<br>27 Nur H\u00fcsne Alkan<br>28 P\u0131nar \u00c7a\u011fan<br>29 Rabia \u015eahin<br>30 Rabia Sultan Reis<br>31 Selinay Ko\u00e7aker<br>32 Sema Karahasan<br>33 Semanur \u00d6zbek<br>34 Sezgin C\u00fcni<br>35 \u015eahin \u00d6zden<br>36 U\u011fur Himmeto\u011flu<br>37 Yakup Yaz\u0131c\u0131<br>38 Yaser Abdulhal\u0131k<br>39 Yener Ercan<br>40 Zeynep Bayram<\/p>\n<\/div>\n\n\n\n<div class=\"wp-block-column is-layout-flow wp-block-column-is-layout-flow\">\n<p class=\"has-medium-font-size\"><strong>YEDEK L\u0130STE<\/strong><\/p>\n\n\n\n<p>1 Mine \u00c7oktar<br>2 B\u00fc\u015franur D\u00fcndar<br>3 Nida Bulundu<br>4 Nursena Co\u015fkun<br>5 Yusuf Mutu<br>6 Kadir Tuzak<br>7 M. Furkan Bayraktar<br>8 Ali Elmac\u0131<br>9 Meral Kapkara<br>10 Sena \u00c7al\u0131mbay<br>11 B\u00fc\u015fra Engin<br>12 Berna Pa\u015f\u0131k<br>13 \u00d6zge Aydemir<br>14 Nazl\u0131 Yal\u00e7\u0131nkaya<br>15 \u00d6zg\u00fcr Karakayal\u0131<br>16 \u015eeymanur \u00c7elik<\/p>\n<\/div>\n<\/div>\n\n\n\n<div class=\"wp-block-buttons is-layout-flex wp-block-buttons-is-layout-flex\">\n<div class=\"wp-block-button\"><a class=\"wp-block-button__link\" href=\"https:\/\/docs.google.com\/forms\/d\/14kVhYHC66xv1ENlox7jV_IH3xBZ39U1VIXEW27Yxe90\/edit\">Asil Liste IBAN Bildirme \u0130\u00e7in T\u0131klay\u0131n\u0131z&#8230;<\/a><\/div>\n<\/div>\n\n\n\n<p><\/p>\n","protected":false},"excerpt":{"rendered":"<p>Giresun \u0130slami \u0130limler Vakf\u0131 Burs Sonu\u00e7lar\u0131 A\u00e7\u0131kland\u0131! Burs almaya hak kazanan \u00f6\u011frencilerimizin 12\/11\/2021 Cuma g\u00fcn\u00fcne kadar a\u015fa\u011f\u0131daki linkten IBAN numaralar\u0131n\u0131 g\u00f6ndermeleri gerekmektedir. Aksi halde burs haklar\u0131n\u0131 kaybetmi\u015f olup, ge\u00e7erli burs haklar\u0131 yedek listedeki \u00f6\u011frenci arkada\u015flara aktar\u0131lacakt\u0131r. Ayr\u0131ca bursa hak kazanan \u00f6\u011frencilerin gerekli evraklar\u0131n imzalanmas\u0131 hususunda vak\u0131f g\u00f6revlimiz Seyfullah KARA&#8216;y\u0131 ziyaret etmeleri rica olunur. AS\u0130L L\u0130STE [&hellip;]<\/p>\n","protected":false},"author":1,"featured_media":0,"parent":0,"menu_order":0,"comment_status":"closed","ping_status":"closed","template":"","meta":{"_starter_page_template":"blank","footnotes":""},"class_list":["post-1237","page","type-page","status-publish","hentry"],"yoast_head":"<!-- This site is optimized with the Yoast SEO plugin v27.6 - https:\/\/yoast.com\/product\/yoast-seo-wordpress\/ -->\n<title>Burs Sonu\u00e7lar\u0131 - Giresun \u0130slami \u0130limler Vakf\u0131<\/title>\n<meta name=\"robots\" content=\"index, follow, max-snippet:-1, max-image-preview:large, max-video-preview:-1\" \/>\n<link rel=\"canonical\" href=\"https:\/\/islamiilimler.org.tr\/?page_id=1237\" \/>\n<meta property=\"og:locale\" content=\"tr_TR\" \/>\n<meta property=\"og:type\" content=\"article\" \/>\n<meta property=\"og:title\" content=\"Burs Sonu\u00e7lar\u0131 - Giresun \u0130slami \u0130limler Vakf\u0131\" \/>\n<meta property=\"og:description\" content=\"Giresun \u0130slami \u0130limler Vakf\u0131 Burs Sonu\u00e7lar\u0131 A\u00e7\u0131kland\u0131! Burs almaya hak kazanan \u00f6\u011frencilerimizin 12\/11\/2021 Cuma g\u00fcn\u00fcne kadar a\u015fa\u011f\u0131daki linkten IBAN numaralar\u0131n\u0131 g\u00f6ndermeleri gerekmektedir. Aksi halde burs haklar\u0131n\u0131 kaybetmi\u015f olup, ge\u00e7erli burs haklar\u0131 yedek listedeki \u00f6\u011frenci arkada\u015flara aktar\u0131lacakt\u0131r. Ayr\u0131ca bursa hak kazanan \u00f6\u011frencilerin gerekli evraklar\u0131n imzalanmas\u0131 hususunda vak\u0131f g\u00f6revlimiz Seyfullah KARA&#8216;y\u0131 ziyaret etmeleri rica olunur. AS\u0130L L\u0130STE [&hellip;]\" \/>\n<meta property=\"og:url\" content=\"https:\/\/islamiilimler.org.tr\/?page_id=1237\" \/>\n<meta property=\"og:site_name\" content=\"Giresun \u0130slami \u0130limler Vakf\u0131\" \/>\n<meta property=\"article:modified_time\" content=\"2021-11-08T12:00:52+00:00\" \/>\n<meta name=\"twitter:card\" content=\"summary_large_image\" \/>\n<meta name=\"twitter:label1\" content=\"Tahmini okuma s\u00fcresi\" \/>\n\t<meta name=\"twitter:data1\" content=\"2 dakika\" \/>\n<script type=\"application\/ld+json\" class=\"yoast-schema-graph\">{\"@context\":\"https:\\\/\\\/schema.org\",\"@graph\":[{\"@type\":\"WebPage\",\"@id\":\"https:\\\/\\\/islamiilimler.org.tr\\\/?page_id=1237\",\"url\":\"https:\\\/\\\/islamiilimler.org.tr\\\/?page_id=1237\",\"name\":\"Burs Sonu\u00e7lar\u0131 - Giresun \u0130slami \u0130limler Vakf\u0131\",\"isPartOf\":{\"@id\":\"https:\\\/\\\/islamiilimler.org.tr\\\/#website\"},\"datePublished\":\"2021-11-08T07:49:41+00:00\",\"dateModified\":\"2021-11-08T12:00:52+00:00\",\"breadcrumb\":{\"@id\":\"https:\\\/\\\/islamiilimler.org.tr\\\/?page_id=1237#breadcrumb\"},\"inLanguage\":\"tr\",\"potentialAction\":[{\"@type\":\"ReadAction\",\"target\":[\"https:\\\/\\\/islamiilimler.org.tr\\\/?page_id=1237\"]}]},{\"@type\":\"BreadcrumbList\",\"@id\":\"https:\\\/\\\/islamiilimler.org.tr\\\/?page_id=1237#breadcrumb\",\"itemListElement\":[{\"@type\":\"ListItem\",\"position\":1,\"name\":\"Anasayfa\",\"item\":\"https:\\\/\\\/islamiilimler.org.tr\\\/\"},{\"@type\":\"ListItem\",\"position\":2,\"name\":\"Burs Sonu\u00e7lar\u0131\"}]},{\"@type\":\"WebSite\",\"@id\":\"https:\\\/\\\/islamiilimler.org.tr\\\/#website\",\"url\":\"https:\\\/\\\/islamiilimler.org.tr\\\/\",\"name\":\"Giresun \u0130slami \u0130limler Vakf\u0131\",\"description\":\"Hac\u0131siyam Mahallesi Atat\u00fcrk Bulvar\u0131 Fatih Apartman\u0131 No 65\\\/2 Kat 1 Daire 2 Giresun \\\/ Merkez T\u00fcrkiye GSM 1: 0535 463 6904 GSM 2: 0505 581 3395\",\"publisher\":{\"@id\":\"https:\\\/\\\/islamiilimler.org.tr\\\/#organization\"},\"potentialAction\":[{\"@type\":\"SearchAction\",\"target\":{\"@type\":\"EntryPoint\",\"urlTemplate\":\"https:\\\/\\\/islamiilimler.org.tr\\\/?s={search_term_string}\"},\"query-input\":{\"@type\":\"PropertyValueSpecification\",\"valueRequired\":true,\"valueName\":\"search_term_string\"}}],\"inLanguage\":\"tr\"},{\"@type\":\"Organization\",\"@id\":\"https:\\\/\\\/islamiilimler.org.tr\\\/#organization\",\"name\":\"Giresun \u0130slami \u0130limler Vakf\u0131\",\"url\":\"https:\\\/\\\/islamiilimler.org.tr\\\/\",\"logo\":{\"@type\":\"ImageObject\",\"inLanguage\":\"tr\",\"@id\":\"https:\\\/\\\/islamiilimler.org.tr\\\/#\\\/schema\\\/logo\\\/image\\\/\",\"url\":\"https:\\\/\\\/islamiilimler.org.tr\\\/wp-content\\\/uploads\\\/2022\\\/09\\\/cropped-logo-1.png\",\"contentUrl\":\"https:\\\/\\\/islamiilimler.org.tr\\\/wp-content\\\/uploads\\\/2022\\\/09\\\/cropped-logo-1.png\",\"width\":1500,\"height\":1500,\"caption\":\"Giresun \u0130slami \u0130limler Vakf\u0131\"},\"image\":{\"@id\":\"https:\\\/\\\/islamiilimler.org.tr\\\/#\\\/schema\\\/logo\\\/image\\\/\"}}]}<\/script>\n<!-- \/ Yoast SEO plugin. -->","yoast_head_json":{"title":"Burs Sonu\u00e7lar\u0131 - Giresun \u0130slami \u0130limler Vakf\u0131","robots":{"index":"index","follow":"follow","max-snippet":"max-snippet:-1","max-image-preview":"max-image-preview:large","max-video-preview":"max-video-preview:-1"},"canonical":"https:\/\/islamiilimler.org.tr\/?page_id=1237","og_locale":"tr_TR","og_type":"article","og_title":"Burs Sonu\u00e7lar\u0131 - Giresun \u0130slami \u0130limler Vakf\u0131","og_description":"Giresun \u0130slami \u0130limler Vakf\u0131 Burs Sonu\u00e7lar\u0131 A\u00e7\u0131kland\u0131! Burs almaya hak kazanan \u00f6\u011frencilerimizin 12\/11\/2021 Cuma g\u00fcn\u00fcne kadar a\u015fa\u011f\u0131daki linkten IBAN numaralar\u0131n\u0131 g\u00f6ndermeleri gerekmektedir. Aksi halde burs haklar\u0131n\u0131 kaybetmi\u015f olup, ge\u00e7erli burs haklar\u0131 yedek listedeki \u00f6\u011frenci arkada\u015flara aktar\u0131lacakt\u0131r. Ayr\u0131ca bursa hak kazanan \u00f6\u011frencilerin gerekli evraklar\u0131n imzalanmas\u0131 hususunda vak\u0131f g\u00f6revlimiz Seyfullah KARA&#8216;y\u0131 ziyaret etmeleri rica olunur. AS\u0130L L\u0130STE [&hellip;]","og_url":"https:\/\/islamiilimler.org.tr\/?page_id=1237","og_site_name":"Giresun \u0130slami \u0130limler Vakf\u0131","article_modified_time":"2021-11-08T12:00:52+00:00","twitter_card":"summary_large_image","twitter_misc":{"Tahmini okuma s\u00fcresi":"2 dakika"},"schema":{"@context":"https:\/\/schema.org","@graph":[{"@type":"WebPage","@id":"https:\/\/islamiilimler.org.tr\/?page_id=1237","url":"https:\/\/islamiilimler.org.tr\/?page_id=1237","name":"Burs Sonu\u00e7lar\u0131 - Giresun \u0130slami \u0130limler Vakf\u0131","isPartOf":{"@id":"https:\/\/islamiilimler.org.tr\/#website"},"datePublished":"2021-11-08T07:49:41+00:00","dateModified":"2021-11-08T12:00:52+00:00","breadcrumb":{"@id":"https:\/\/islamiilimler.org.tr\/?page_id=1237#breadcrumb"},"inLanguage":"tr","potentialAction":[{"@type":"ReadAction","target":["https:\/\/islamiilimler.org.tr\/?page_id=1237"]}]},{"@type":"BreadcrumbList","@id":"https:\/\/islamiilimler.org.tr\/?page_id=1237#breadcrumb","itemListElement":[{"@type":"ListItem","position":1,"name":"Anasayfa","item":"https:\/\/islamiilimler.org.tr\/"},{"@type":"ListItem","position":2,"name":"Burs Sonu\u00e7lar\u0131"}]},{"@type":"WebSite","@id":"https:\/\/islamiilimler.org.tr\/#website","url":"https:\/\/islamiilimler.org.tr\/","name":"Giresun \u0130slami \u0130limler Vakf\u0131","description":"Hac\u0131siyam Mahallesi Atat\u00fcrk Bulvar\u0131 Fatih Apartman\u0131 No 65\/2 Kat 1 Daire 2 Giresun \/ Merkez T\u00fcrkiye GSM 1: 0535 463 6904 GSM 2: 0505 581 3395","publisher":{"@id":"https:\/\/islamiilimler.org.tr\/#organization"},"potentialAction":[{"@type":"SearchAction","target":{"@type":"EntryPoint","urlTemplate":"https:\/\/islamiilimler.org.tr\/?s={search_term_string}"},"query-input":{"@type":"PropertyValueSpecification","valueRequired":true,"valueName":"search_term_string"}}],"inLanguage":"tr"},{"@type":"Organization","@id":"https:\/\/islamiilimler.org.tr\/#organization","name":"Giresun \u0130slami \u0130limler Vakf\u0131","url":"https:\/\/islamiilimler.org.tr\/","logo":{"@type":"ImageObject","inLanguage":"tr","@id":"https:\/\/islamiilimler.org.tr\/#\/schema\/logo\/image\/","url":"https:\/\/islamiilimler.org.tr\/wp-content\/uploads\/2022\/09\/cropped-logo-1.png","contentUrl":"https:\/\/islamiilimler.org.tr\/wp-content\/uploads\/2022\/09\/cropped-logo-1.png","width":1500,"height":1500,"caption":"Giresun \u0130slami \u0130limler Vakf\u0131"},"image":{"@id":"https:\/\/islamiilimler.org.tr\/#\/schema\/logo\/image\/"}}]}},"_links":{"self":[{"href":"https:\/\/islamiilimler.org.tr\/index.php?rest_route=\/wp\/v2\/pages\/1237","targetHints":{"allow":["GET"]}}],"collection":[{"href":"https:\/\/islamiilimler.org.tr\/index.php?rest_route=\/wp\/v2\/pages"}],"about":[{"href":"https:\/\/islamiilimler.org.tr\/index.php?rest_route=\/wp\/v2\/types\/page"}],"author":[{"embeddable":true,"href":"https:\/\/islamiilimler.org.tr\/index.php?rest_route=\/wp\/v2\/users\/1"}],"replies":[{"embeddable":true,"href":"https:\/\/islamiilimler.org.tr\/index.php?rest_route=%2Fwp%2Fv2%2Fcomments&post=1237"}],"version-history":[{"count":8,"href":"https:\/\/islamiilimler.org.tr\/index.php?rest_route=\/wp\/v2\/pages\/1237\/revisions"}],"predecessor-version":[{"id":1257,"href":"https:\/\/islamiilimler.org.tr\/index.php?rest_route=\/wp\/v2\/pages\/1237\/revisions\/1257"}],"wp:attachment":[{"href":"https:\/\/islamiilimler.org.tr\/index.php?rest_route=%2Fwp%2Fv2%2Fmedia&parent=1237"}],"curies":[{"name":"wp","href":"https:\/\/api.w.org\/{rel}","templated":true}]}}