{"id":1152,"date":"2021-10-15T14:08:08","date_gmt":"2021-10-15T11:08:08","guid":{"rendered":"https:\/\/islamiilimler.org.tr\/?page_id=1152"},"modified":"2022-10-05T11:47:13","modified_gmt":"2022-10-05T08:47:13","slug":"giresun-islami-ilimler-vakfi-burs-basvuru-formu","status":"publish","type":"page","link":"https:\/\/islamiilimler.org.tr\/?page_id=1152","title":{"rendered":"Giresun \u0130slami \u0130limler Vakf\u0131 Burs Faaliyetleri"},"content":{"rendered":"\n<p class=\"has-text-align-center has-x-large-font-size\"><strong>Giresun \u0130slami \u0130limler Vakf\u0131 Burs Faaliyetleri<\/strong><\/p>\n\n\n\n<p class=\"has-text-align-center has-colibri-color-6-color has-text-color\"><em>Yurt i\u00e7i ve yurt d\u0131\u015f\u0131nda e\u011fitimlerini s\u00fcrd\u00fcren \u00f6\u011frencilere kar\u015f\u0131l\u0131kl\u0131 veya kar\u015f\u0131l\u0131ks\u0131z burs vermeyi, \u00f6\u011fretim \u00fcyesi ve elemanlar\u0131na ilm\u00ee \u00e7al\u0131\u015fmalar\u0131nda madd\u00ee destek sa\u011flamay\u0131, yurt i\u00e7inde ve yurt d\u0131\u015f\u0131nda ilm\u00ee ara\u015ft\u0131rma ve \u00e7al\u0131\u015fmalar yapmak isteyen \u00f6\u011fretim \u00fcyesi ve elemanlar\u0131na ve \u00f6\u011frencilere madd\u00ee destek sa\u011flamay\u0131 vak\u0131f olarak ama\u00e7lamaktay\u0131z<\/em>.<\/p>\n","protected":false},"excerpt":{"rendered":"<p>Giresun \u0130slami \u0130limler Vakf\u0131 Burs Faaliyetleri Yurt i\u00e7i ve yurt d\u0131\u015f\u0131nda e\u011fitimlerini s\u00fcrd\u00fcren \u00f6\u011frencilere kar\u015f\u0131l\u0131kl\u0131 veya kar\u015f\u0131l\u0131ks\u0131z burs vermeyi, \u00f6\u011fretim \u00fcyesi ve elemanlar\u0131na ilm\u00ee \u00e7al\u0131\u015fmalar\u0131nda madd\u00ee destek sa\u011flamay\u0131, yurt i\u00e7inde ve yurt d\u0131\u015f\u0131nda ilm\u00ee ara\u015ft\u0131rma ve \u00e7al\u0131\u015fmalar yapmak isteyen \u00f6\u011fretim \u00fcyesi ve elemanlar\u0131na ve \u00f6\u011frencilere madd\u00ee destek sa\u011flamay\u0131 vak\u0131f olarak ama\u00e7lamaktay\u0131z.<\/p>\n","protected":false},"author":1,"featured_media":0,"parent":0,"menu_order":0,"comment_status":"closed","ping_status":"closed","template":"","meta":{"_starter_page_template":"blank","footnotes":""},"class_list":["post-1152","page","type-page","status-publish","hentry"],"yoast_head":"<!-- This site is optimized with the Yoast SEO plugin v27.4 - https:\/\/yoast.com\/product\/yoast-seo-wordpress\/ -->\n<title>Giresun \u0130slami \u0130limler Vakf\u0131 Burs Faaliyetleri - Giresun \u0130slami \u0130limler Vakf\u0131<\/title>\n<meta name=\"robots\" content=\"index, follow, max-snippet:-1, max-image-preview:large, max-video-preview:-1\" \/>\n<link rel=\"canonical\" href=\"https:\/\/islamiilimler.org.tr\/?page_id=1152\" \/>\n<meta property=\"og:locale\" content=\"tr_TR\" \/>\n<meta property=\"og:type\" content=\"article\" \/>\n<meta property=\"og:title\" content=\"Giresun \u0130slami \u0130limler Vakf\u0131 Burs Faaliyetleri - Giresun \u0130slami \u0130limler Vakf\u0131\" \/>\n<meta property=\"og:description\" content=\"Giresun \u0130slami \u0130limler Vakf\u0131 Burs Faaliyetleri Yurt i\u00e7i ve yurt d\u0131\u015f\u0131nda e\u011fitimlerini s\u00fcrd\u00fcren \u00f6\u011frencilere kar\u015f\u0131l\u0131kl\u0131 veya kar\u015f\u0131l\u0131ks\u0131z burs vermeyi, \u00f6\u011fretim \u00fcyesi ve elemanlar\u0131na ilm\u00ee \u00e7al\u0131\u015fmalar\u0131nda madd\u00ee destek sa\u011flamay\u0131, yurt i\u00e7inde ve yurt d\u0131\u015f\u0131nda ilm\u00ee ara\u015ft\u0131rma ve \u00e7al\u0131\u015fmalar yapmak isteyen \u00f6\u011fretim \u00fcyesi ve elemanlar\u0131na ve \u00f6\u011frencilere madd\u00ee destek sa\u011flamay\u0131 vak\u0131f olarak ama\u00e7lamaktay\u0131z.\" \/>\n<meta property=\"og:url\" content=\"https:\/\/islamiilimler.org.tr\/?page_id=1152\" \/>\n<meta property=\"og:site_name\" content=\"Giresun \u0130slami \u0130limler Vakf\u0131\" \/>\n<meta property=\"article:modified_time\" content=\"2022-10-05T08:47:13+00:00\" \/>\n<meta name=\"twitter:card\" content=\"summary_large_image\" \/>\n<meta name=\"twitter:label1\" content=\"Tahmini okuma s\u00fcresi\" \/>\n\t<meta name=\"twitter:data1\" content=\"1 dakika\" \/>\n<script type=\"application\/ld+json\" class=\"yoast-schema-graph\">{\"@context\":\"https:\\\/\\\/schema.org\",\"@graph\":[{\"@type\":\"WebPage\",\"@id\":\"https:\\\/\\\/islamiilimler.org.tr\\\/?page_id=1152\",\"url\":\"https:\\\/\\\/islamiilimler.org.tr\\\/?page_id=1152\",\"name\":\"Giresun \u0130slami \u0130limler Vakf\u0131 Burs Faaliyetleri - Giresun \u0130slami \u0130limler Vakf\u0131\",\"isPartOf\":{\"@id\":\"https:\\\/\\\/islamiilimler.org.tr\\\/#website\"},\"datePublished\":\"2021-10-15T11:08:08+00:00\",\"dateModified\":\"2022-10-05T08:47:13+00:00\",\"breadcrumb\":{\"@id\":\"https:\\\/\\\/islamiilimler.org.tr\\\/?page_id=1152#breadcrumb\"},\"inLanguage\":\"tr\",\"potentialAction\":[{\"@type\":\"ReadAction\",\"target\":[\"https:\\\/\\\/islamiilimler.org.tr\\\/?page_id=1152\"]}]},{\"@type\":\"BreadcrumbList\",\"@id\":\"https:\\\/\\\/islamiilimler.org.tr\\\/?page_id=1152#breadcrumb\",\"itemListElement\":[{\"@type\":\"ListItem\",\"position\":1,\"name\":\"Anasayfa\",\"item\":\"https:\\\/\\\/islamiilimler.org.tr\\\/\"},{\"@type\":\"ListItem\",\"position\":2,\"name\":\"Giresun \u0130slami \u0130limler Vakf\u0131 Burs Faaliyetleri\"}]},{\"@type\":\"WebSite\",\"@id\":\"https:\\\/\\\/islamiilimler.org.tr\\\/#website\",\"url\":\"https:\\\/\\\/islamiilimler.org.tr\\\/\",\"name\":\"Giresun \u0130slami \u0130limler Vakf\u0131\",\"description\":\"Hac\u0131siyam Mahallesi Atat\u00fcrk Bulvar\u0131 Fatih Apartman\u0131 No 65\\\/2 Kat 1 Daire 2 Giresun \\\/ Merkez T\u00fcrkiye GSM 1: 0535 463 6904 GSM 2: 0505 581 3395\",\"publisher\":{\"@id\":\"https:\\\/\\\/islamiilimler.org.tr\\\/#organization\"},\"potentialAction\":[{\"@type\":\"SearchAction\",\"target\":{\"@type\":\"EntryPoint\",\"urlTemplate\":\"https:\\\/\\\/islamiilimler.org.tr\\\/?s={search_term_string}\"},\"query-input\":{\"@type\":\"PropertyValueSpecification\",\"valueRequired\":true,\"valueName\":\"search_term_string\"}}],\"inLanguage\":\"tr\"},{\"@type\":\"Organization\",\"@id\":\"https:\\\/\\\/islamiilimler.org.tr\\\/#organization\",\"name\":\"Giresun \u0130slami \u0130limler Vakf\u0131\",\"url\":\"https:\\\/\\\/islamiilimler.org.tr\\\/\",\"logo\":{\"@type\":\"ImageObject\",\"inLanguage\":\"tr\",\"@id\":\"https:\\\/\\\/islamiilimler.org.tr\\\/#\\\/schema\\\/logo\\\/image\\\/\",\"url\":\"https:\\\/\\\/islamiilimler.org.tr\\\/wp-content\\\/uploads\\\/2022\\\/09\\\/cropped-logo-1.png\",\"contentUrl\":\"https:\\\/\\\/islamiilimler.org.tr\\\/wp-content\\\/uploads\\\/2022\\\/09\\\/cropped-logo-1.png\",\"width\":1500,\"height\":1500,\"caption\":\"Giresun \u0130slami \u0130limler Vakf\u0131\"},\"image\":{\"@id\":\"https:\\\/\\\/islamiilimler.org.tr\\\/#\\\/schema\\\/logo\\\/image\\\/\"}}]}<\/script>\n<!-- \/ Yoast SEO plugin. -->","yoast_head_json":{"title":"Giresun \u0130slami \u0130limler Vakf\u0131 Burs Faaliyetleri - Giresun \u0130slami \u0130limler Vakf\u0131","robots":{"index":"index","follow":"follow","max-snippet":"max-snippet:-1","max-image-preview":"max-image-preview:large","max-video-preview":"max-video-preview:-1"},"canonical":"https:\/\/islamiilimler.org.tr\/?page_id=1152","og_locale":"tr_TR","og_type":"article","og_title":"Giresun \u0130slami \u0130limler Vakf\u0131 Burs Faaliyetleri - Giresun \u0130slami \u0130limler Vakf\u0131","og_description":"Giresun \u0130slami \u0130limler Vakf\u0131 Burs Faaliyetleri Yurt i\u00e7i ve yurt d\u0131\u015f\u0131nda e\u011fitimlerini s\u00fcrd\u00fcren \u00f6\u011frencilere kar\u015f\u0131l\u0131kl\u0131 veya kar\u015f\u0131l\u0131ks\u0131z burs vermeyi, \u00f6\u011fretim \u00fcyesi ve elemanlar\u0131na ilm\u00ee \u00e7al\u0131\u015fmalar\u0131nda madd\u00ee destek sa\u011flamay\u0131, yurt i\u00e7inde ve yurt d\u0131\u015f\u0131nda ilm\u00ee ara\u015ft\u0131rma ve \u00e7al\u0131\u015fmalar yapmak isteyen \u00f6\u011fretim \u00fcyesi ve elemanlar\u0131na ve \u00f6\u011frencilere madd\u00ee destek sa\u011flamay\u0131 vak\u0131f olarak ama\u00e7lamaktay\u0131z.","og_url":"https:\/\/islamiilimler.org.tr\/?page_id=1152","og_site_name":"Giresun \u0130slami \u0130limler Vakf\u0131","article_modified_time":"2022-10-05T08:47:13+00:00","twitter_card":"summary_large_image","twitter_misc":{"Tahmini okuma s\u00fcresi":"1 dakika"},"schema":{"@context":"https:\/\/schema.org","@graph":[{"@type":"WebPage","@id":"https:\/\/islamiilimler.org.tr\/?page_id=1152","url":"https:\/\/islamiilimler.org.tr\/?page_id=1152","name":"Giresun \u0130slami \u0130limler Vakf\u0131 Burs Faaliyetleri - Giresun \u0130slami \u0130limler Vakf\u0131","isPartOf":{"@id":"https:\/\/islamiilimler.org.tr\/#website"},"datePublished":"2021-10-15T11:08:08+00:00","dateModified":"2022-10-05T08:47:13+00:00","breadcrumb":{"@id":"https:\/\/islamiilimler.org.tr\/?page_id=1152#breadcrumb"},"inLanguage":"tr","potentialAction":[{"@type":"ReadAction","target":["https:\/\/islamiilimler.org.tr\/?page_id=1152"]}]},{"@type":"BreadcrumbList","@id":"https:\/\/islamiilimler.org.tr\/?page_id=1152#breadcrumb","itemListElement":[{"@type":"ListItem","position":1,"name":"Anasayfa","item":"https:\/\/islamiilimler.org.tr\/"},{"@type":"ListItem","position":2,"name":"Giresun \u0130slami \u0130limler Vakf\u0131 Burs Faaliyetleri"}]},{"@type":"WebSite","@id":"https:\/\/islamiilimler.org.tr\/#website","url":"https:\/\/islamiilimler.org.tr\/","name":"Giresun \u0130slami \u0130limler Vakf\u0131","description":"Hac\u0131siyam Mahallesi Atat\u00fcrk Bulvar\u0131 Fatih Apartman\u0131 No 65\/2 Kat 1 Daire 2 Giresun \/ Merkez T\u00fcrkiye GSM 1: 0535 463 6904 GSM 2: 0505 581 3395","publisher":{"@id":"https:\/\/islamiilimler.org.tr\/#organization"},"potentialAction":[{"@type":"SearchAction","target":{"@type":"EntryPoint","urlTemplate":"https:\/\/islamiilimler.org.tr\/?s={search_term_string}"},"query-input":{"@type":"PropertyValueSpecification","valueRequired":true,"valueName":"search_term_string"}}],"inLanguage":"tr"},{"@type":"Organization","@id":"https:\/\/islamiilimler.org.tr\/#organization","name":"Giresun \u0130slami \u0130limler Vakf\u0131","url":"https:\/\/islamiilimler.org.tr\/","logo":{"@type":"ImageObject","inLanguage":"tr","@id":"https:\/\/islamiilimler.org.tr\/#\/schema\/logo\/image\/","url":"https:\/\/islamiilimler.org.tr\/wp-content\/uploads\/2022\/09\/cropped-logo-1.png","contentUrl":"https:\/\/islamiilimler.org.tr\/wp-content\/uploads\/2022\/09\/cropped-logo-1.png","width":1500,"height":1500,"caption":"Giresun \u0130slami \u0130limler Vakf\u0131"},"image":{"@id":"https:\/\/islamiilimler.org.tr\/#\/schema\/logo\/image\/"}}]}},"_links":{"self":[{"href":"https:\/\/islamiilimler.org.tr\/index.php?rest_route=\/wp\/v2\/pages\/1152","targetHints":{"allow":["GET"]}}],"collection":[{"href":"https:\/\/islamiilimler.org.tr\/index.php?rest_route=\/wp\/v2\/pages"}],"about":[{"href":"https:\/\/islamiilimler.org.tr\/index.php?rest_route=\/wp\/v2\/types\/page"}],"author":[{"embeddable":true,"href":"https:\/\/islamiilimler.org.tr\/index.php?rest_route=\/wp\/v2\/users\/1"}],"replies":[{"embeddable":true,"href":"https:\/\/islamiilimler.org.tr\/index.php?rest_route=%2Fwp%2Fv2%2Fcomments&post=1152"}],"version-history":[{"count":14,"href":"https:\/\/islamiilimler.org.tr\/index.php?rest_route=\/wp\/v2\/pages\/1152\/revisions"}],"predecessor-version":[{"id":1840,"href":"https:\/\/islamiilimler.org.tr\/index.php?rest_route=\/wp\/v2\/pages\/1152\/revisions\/1840"}],"wp:attachment":[{"href":"https:\/\/islamiilimler.org.tr\/index.php?rest_route=%2Fwp%2Fv2%2Fmedia&parent=1152"}],"curies":[{"name":"wp","href":"https:\/\/api.w.org\/{rel}","templated":true}]}}